{"id":3,"date":"2019-05-15T12:25:08","date_gmt":"2019-05-15T12:25:08","guid":{"rendered":"https:\/\/ortodonciadigital3d.com\/?page_id=3"},"modified":"2019-10-24T14:31:04","modified_gmt":"2019-10-24T12:31:04","slug":"condiciones-y-consentimiento","status":"publish","type":"page","link":"https:\/\/ortodonciadigital3d.com\/en\/condiciones-y-consentimiento\/","title":{"rendered":"Condiciones y Consentimiento"},"content":{"rendered":"<div class=\"wpb-content-wrapper\"><div data-parent=\"true\" class=\"vc_row style-color-jevc-bg row-container with-kburns boomapps_vcrow\" id=\"row-unique-0\"><div class=\"row-background background-element\">\n\t\t\t\t\t\t\t\t\t\t\t<div class=\"background-wrapper\">\n\t\t\t\t\t\t\t\t\t\t\t\t<div class=\"background-inner\" style=\"background-image: url(https:\/\/ortodonciadigital3d.com\/wp-content\/uploads\/2019\/09\/cabeceraprivacidad.jpg);background-repeat: no-repeat;background-position: center center;background-attachment: scroll;background-size: cover;\"><\/div>\n\t\t\t\t\t\t\t\t\t\t\t\t\n\t\t\t\t\t\t\t\t\t\t\t<\/div>\n\t\t\t\t\t\t\t\t\t\t<\/div><div class=\"row no-top-padding no-bottom-padding no-h-padding full-width row-parent\" data-height-ratio=\"25\"><div class=\"wpb_row row-inner\"><div class=\"wpb_column pos-top pos-center align_left column_parent col-lg-12 boomapps_vccolumn single-internal-gutter\"><div class=\"uncol style-light\"  ><div class=\"uncoltable\"><div class=\"uncell  boomapps_vccolumn no-block-padding\" ><div class=\"column-background background-element\" style=\"opacity: 1;\">\n\t\t\t\t\t\t\t\t\t\t\t<div class=\"background-wrapper\">\n\t\t\t\t\t\t\t\t\t\t\t\t<div class=\"background-inner\"><\/div>\n\t\t\t\t\t\t\t\t\t\t\t\t<div class=\"block-bg-overlay style-color-prif-bg\" style=\"opacity: 0.5;\"><\/div>\n\t\t\t\t\t\t\t\t\t\t\t<\/div>\n\t\t\t\t\t\t\t\t\t\t<\/div><div class=\"uncont\"><\/div><\/div><\/div><\/div><\/div><script id=\"script-row-unique-0\" data-row=\"script-row-unique-0\" type=\"text\/javascript\" class=\"vc_controls\">UNCODE.initRow(document.getElementById(\"row-unique-0\"));<\/script><\/div><\/div><\/div><div data-parent=\"true\" class=\"vc_row row-container boomapps_vcrow\" id=\"row-unique-1\"><div class=\"row limit-width row-parent\"><div class=\"wpb_row row-inner\"><div class=\"wpb_column pos-top pos-center align_left column_parent col-lg-12 boomapps_vccolumn single-internal-gutter\"><div class=\"uncol style-light\"  ><div class=\"uncoltable\"><div class=\"uncell  boomapps_vccolumn no-block-padding\" ><div class=\"uncont\"><div class=\"uncode_text_column\" ><\/p>\n<h1 align=\"center\"><b>Condiciones y Consentimiento<\/b><\/h1>\n<div align=\"right\"><\/div>\n<div align=\"right\"><\/div>\n<p>\n<\/div><div class=\"uncode_text_column\" ><\/p>\n<h2>T\u00e9rminos y condiciones generales de <strong>Alexia 3D System<\/strong><\/h2>\n<h3>Ortodoncia invisible<\/h3>\n<h4>1. Aplicaci\u00f3n de los t\u00e9rminos y condiciones<\/h4>\n<p><strong>1.1<\/strong> <strong>Alexia 3D System<\/strong> desarrolla y ofrece aplicaciones y servicios dirigidos exclusivamente al odont\u00f3logo\/a respecto al desarrollo, as\u00ed como a la planificaci\u00f3n y a la realizaci\u00f3n de tratamientos de Ortodoncia Digital 3D mediante Alineadores Invisibles.<\/p>\n<p><strong>1.2<\/strong> Todas las ofertas, suministros y servicios ofrecidos por <strong>Pe\u00f1alta Dental S.L.<\/strong> se realizar\u00e1n exclusivamente sobre la base de\u00a0estos t\u00e9rminos y condiciones generales.<\/p>\n<p>En el momento de utilizar cualquiera de los servicios o aceptar cualquier producto de <strong>Alexia 3D System<\/strong>, los presentes\u00a0t\u00e9rminos y condiciones se considerar\u00e1n como si hubieran sido aceptados.<\/p>\n<p><strong>1.3<\/strong> Todos los acuerdos, que dieran de las condiciones generales, entre <strong>Pe\u00f1alta Dental S.L.<\/strong> y el odont\u00f3logo\/a tiene que hacerse por escrito.<\/p>\n<p>&nbsp;<\/p>\n<h4>2. Descripci\u00f3n de los aparatos y servicios<\/h4>\n<p><strong>2.1 Evaluaci\u00f3n del caso<\/strong><\/p>\n<p>Una evaluaci\u00f3n del caso es un servicio gratuito en l\u00ednea para los clientes de <strong>Pe\u00f1alta Dental S.L.<\/strong><\/p>\n<p>Estos pueden acceder a trav\u00e9s de la p\u00e1gina web <a href=\"\/en\/\u201dhttps:\/\/ortodonciadigital3d.com\u201d\/\">www.ortodonciadigital3d.com<\/a> o mediante correo electr\u00f3nico a\u00a0laboratorio@ortodonciadigital3d.com.<\/p>\n<p>Sirve como una ayuda para responder a cualquier pregunta con respecto a la planificaci\u00f3n del tratamiento.<\/p>\n<p>Mediante env\u00edo de fotograf\u00edas del paciente se ofrecer\u00e1 un servicio previo al desarrollo del tratamiento, una valoraci\u00f3n inicial, en la cual se orientar\u00e1 si el caso es un caso para ser tratado mediante la t\u00e9cnica de Alineadores o por el contrario presenta grandes dificultades para ser tratado con \u00e9xito.<\/p>\n<p><strong>2.2 Estudio y planificaci\u00f3n del tratamiento<\/strong><\/p>\n<p>Una vez evaluado inicialmente el caso, procederemos al estudio y planificaci\u00f3n del tratamiento para la t\u00e9cnica de Alineadores Invisibles mediante Set up virtual 3D, realizaremos los movimientos y aplicaremos los dispositivos.<\/p>\n<p>Obtendremos el resultado de las secuencias de Alineadores que el caso requiere. Se har\u00e1 entrega de un dossier con una completa y exhaustiva informaci\u00f3n de los movimientos realizados, junto con las im\u00e1genes y videos del caso. Esta informaci\u00f3n se enviar\u00e1 mediante correo electr\u00f3nico.<\/p>\n<p>A este servicio se le aplicara la tarifa vigente acordada por <strong>Pe\u00f1alta Dental S.L.<\/strong><\/p>\n<p><strong>2.3 Alineadores del sistema Alexia 3D System<\/strong><\/p>\n<p>Los Alineadores que se requieren para el tratamiento de Ortodoncia Invisible, se han producido de forma individual y realizados a medida del paciente por el laboratorio Pe\u00f1alta Dental SL. Se utilizan exclusivamente materiales aprobados por Sanidad y elaborados bajos los criterios y obligaciones adscritas a la Ley de Productos Sanitarios y bajo estrictas normas de seguridad.<\/p>\n<p>&nbsp;<\/p>\n<h4>3. La protecci\u00f3n de datos , transferencia de datos<\/h4>\n<p>La transferencia y el tratamiento de los datos personales y de historial cl\u00ednico, as\u00ed como el almacenamiento de dichos datos por parte de un tercero, requiere el acuerdo eficaz de los pacientes afectados. Los datos suministrados ser\u00e1n tratados de forma confidencial en cumplimiento de la Ley Org\u00e1nica de Protecci\u00f3n de Datos.<\/p>\n<p>&nbsp;<\/p>\n<h4>4. Certicaci\u00f3n, responsabilidad y la garant\u00eda del odont\u00f3logo\/a.<\/h4>\n<p><strong>4.1 Certicaci\u00f3n.<\/strong> En <strong>Alexia 3D System<\/strong> no se ha cre\u00eddo necesario realizar un sistema de certificaci\u00f3n como condici\u00f3n indispensable para realizar la t\u00e9cnica, es un sistema libre con la opci\u00f3n de aplicar los conocimientos que nos brinda la odontolog\u00eda multidisciplinar. No obstante, se ofrecen cursos, seminarios, art\u00edculos, newsletters, etc., muy recomendables para obtener al m\u00e1ximo el benef\u00edcio de esta t\u00e9cnica.<\/p>\n<p><strong>4.2<\/strong> Las decisiones con respecto al diagn\u00f3stico , la planificaci\u00f3n y el tratamiento de los pacientes tienen que ser tomadas por el odont\u00f3logo\/a de forma independiente y con plena responsabilidad sobre la base de haber informado al paciente amplia y completamente . La responsabilidad del odont\u00f3logo\/a en relaci\u00f3n con el tratamiento de ortodoncia tambi\u00e9n incluye la revisi\u00f3n, evaluaci\u00f3n, modificaci\u00f3n y confirmaci\u00f3n de la propuesta de <strong>Pe\u00f1alta Dental S.L.<\/strong> dentro del alcance del plan de tratamiento propuesto. El odont\u00f3logo\/a es el \u00fanico capacitado para realizar cualquier recomendaci\u00f3n a <strong>Pe\u00f1alta Dental S.L.<\/strong> o para decidir si el uso de dispositivos y servicios de <strong>Alexia 3D System<\/strong> es adecuado para un determinado prop\u00f3sito o para conseguir un determinado resultado con respecto a un determinado paciente.<\/p>\n<p><strong>4.3<\/strong> El cl\u00ednico garantiza que tiene licencia para ejercer como odont\u00f3logo\/a en el momento de utilizar cualquiera de los servicios de <strong>Pe\u00f1alta Dental S.L.<\/strong> y estar debidamente colegiado.<\/p>\n<p>El odont\u00f3logo\/a libera a Pe\u00f1alta Dental SL de toda responsabilidad que se basa en la utilizaci\u00f3n impropia de los equipos, aparatos y servicios de <strong>Alexia 3D System<\/strong> y cuando estos han sido incorrectamente utilizados.<\/p>\n<p><strong>4.4<\/strong> El odont\u00f3logo\/a tiene la obligaci\u00f3n de informarse peri\u00f3dicamente en la web www.ortodonciadigital3d.com sobre cualquier modificaci\u00f3n de los precios o t\u00e9rminos generales y condiciones aplicables a los dispositivos y servicios de <strong>Alexia 3D System<\/strong>.<\/p>\n<p>&nbsp;<\/p>\n<h4>5. Los riesgos generales<\/h4>\n<p>Los posibles riesgos con respecto a un tratamiento con aparatos de <strong>Alexia 3D System<\/strong> no difieren de otros tratamientos, aparatos y equipos utilizados en ortodoncia. <strong>Pe\u00f1alta Dental S.L.<\/strong> recomienda un tratamiento de ortodoncia para pacientes con buena salud bucal y periodontal.<\/p>\n<p>El uso de Alineadores podr\u00eda dar lugar a algunos riesgos, estos no dieren de los riesgos m\u00e1s comunes en los tratamientos de ortodoncia convencional.<\/p>\n<p>El cl\u00ednico tiene la obligaci\u00f3n de informar a sus pacientes acerca de los siguientes riesgos:<\/p>\n<ul>\n<li>La falta de cumplimiento responsable por parte del paciente con respecto al tiempo de colocaci\u00f3n de los Alineadores, anomal\u00edas anat\u00f3micas, como dientes de forma inusual pueden prolongar la duraci\u00f3n del tratamiento y afectar a la calidad del resultado final o la posibilidad de lograr el resultado deseado .<\/li>\n<li>Cierta sensibilidad dental con el uso de los Alineadores.<\/li>\n<li>En caso de utilizaci\u00f3n de gomas, ataches o dispositivos mec\u00e1nicos que favorecen el movimiento, pueden dar lugar a molestias e irritaciones del tejido blando.<\/li>\n<li>Los dientes pueden recidivar al finalizar el tratamiento si el paciente no es responsable a la hora de seguir las indicaciones del doctor para fijar la retenci\u00f3n adecuada.<\/li>\n<li>Caries, inflamaci\u00f3n de las enc\u00edas o manchas visibles en los dientes (por ejemplo, la descalcificaci\u00f3n) puede ocurrir si los pacientes de ortodoncia consumen alimentos que contienen az\u00facar o no se limpian adecuadamente los dientes o si su higiene bucal no es suficiente.<\/li>\n<li>Estos aparatos pueden afectar temporalmente el habla de un paciente.<\/li>\n<li>El uso de los Alineadores podr\u00eda resultar en un aumento temporal de la saliva o por el contrario sequedad de boca.<\/li>\n<\/ul>\n<p>Algunos medicamentos pueden aumentar este efecto.<\/p>\n<ul>\n<li>Puede ser necesario reducir el esmalte de algunos dientes para crear m\u00e1s espacio para los movimientos dentales.<\/li>\n<li>Enfermedades m\u00e9dicas y el uso de medicamentos tambi\u00e9n pueden causar efecto no deseados en los tratamientos de ortodoncia.<\/li>\n<li>La salud de los huesos y las enc\u00edas, que apoyan los dientes, puede verse afectado.<\/li>\n<li>Tratamiento quir\u00fargico oral podr\u00eda ser necesario para corregir graves anomal\u00edas de los maxilares.<\/li>\n<li>Un diente previamente traumatizado o ampliamente reformado podr\u00eda ser da\u00f1ado por el tratamiento de ortodoncia.<\/li>\n<li>En determinados casos ser\u00e1 necesario realizar endodoncias, exodoncias y restauraciones previas al tratamiento.<\/li>\n<li>Las restauraciones dentales existentes, como por ejemplo coronas, pueden verse desplazadas y requerir una nueva cementaci\u00f3n o en algunos casos sustituci\u00f3n.<\/li>\n<li>Coronas cl\u00ednicas cortas pueden dar lugar a problemas de retenci\u00f3n de los Alineadores e inhibir el movimiento dental.<\/li>\n<li>Los Alineadores pueden ser accidentalmente ingeridos o inspirados. Este riesgo es mayor si los aparatos han sido recortados disminuyendo su tama\u00f1o significativamente.<\/li>\n<li>En raras ocasiones tambi\u00e9n puede haber problemas en la articulaci\u00f3n temporo-mandibular, lo que puede causar dolor en las articulaciones , dolores de cabeza o cervicales.<\/li>\n<li>En raras ocasiones pueden producirse reacciones al\u00e9rgicas.<\/li>\n<li>Con el n de evitar supraerupci\u00f3n , todos los dientes deben estar cubiertos , al menos parcialmente.<\/li>\n<\/ul>\n<p>&nbsp;<\/p>\n<h4>6. Confirmaci\u00f3n de tratamiento<\/h4>\n<p><strong>6.1<\/strong> Los presupuestos previos a la realizaci\u00f3n de los Alineadores, ser\u00e1n confirmados por Pe\u00f1alta Dental por escrito o mediante correo electr\u00f3nico.<\/p>\n<p><strong>6.2<\/strong> Los empleados, representantes y auxiliares de Pe\u00f1alta Dental SL no tienen derecho a hacer cualquier contrato adicional o para dar promesas verbales, que van m\u00e1s all\u00e1 del contenido del contrato por escrito.<\/p>\n<p><strong>6.3<\/strong> La Valoraci\u00f3n del Caso es un momento previo a el estudio y planificaci\u00f3n, en el cual hacemos una valoraci\u00f3n para ver si el caso es adecuado a ser tratado mediante la t\u00e9cnica <strong>Alexia 3D System<\/strong> Ortodoncia Invisible, para ello es necesario env\u00edo de fotograf\u00edas mediante correo electr\u00f3nico. Este preestudio no lleva coste alguno y no conrma la realizaci\u00f3n de la t\u00e9cnica.<\/p>\n<p><strong>6.4<\/strong> El estudio y planicaci\u00f3n del caso se realiza enviando los modelos, TAC, ortopantomograf\u00eda y fotograf\u00edas del paciente. Este estudio lleva un coste que se har\u00e1 efectivo en el momento del env\u00edo de la informaci\u00f3n del caso.<\/p>\n<p><strong>6.5<\/strong> Realizado el estudio y obteniendo los resultados estos se comunicar\u00e1n a la cl\u00ednica mediante llamada telef\u00f3nica y correo electr\u00f3nico con la informaci\u00f3n de las secuencias que llevar\u00e1 el tratamiento y su presupuesto, indicando toda aquella informaci\u00f3n que sea relevante para el caso, stripping a realizar, aplicaciones de ataches, etc.<\/p>\n<p>Adjunto al correo electr\u00f3nico se entregar\u00e1 el proceso de correcci\u00f3n del caso con la forma inicial y la terminaci\u00f3n mediante imagen e imagen cinem\u00e1tica.<\/p>\n<p>&nbsp;<\/p>\n<h4>7. Precios<\/h4>\n<p><strong>7.1<\/strong> El odont\u00f3logo\/a tiene la obligaci\u00f3n de informarse peri\u00f3dicamente en la web www.ortodonciadigital3d.com sobre cualquier modificaci\u00f3n de los precios, adem\u00e1s de la vigente facturaci\u00f3n de gastos de env\u00edo, u otros costos si procediera.<\/p>\n<p><strong>7.2<\/strong> Est\u00e1 exento de cobro la valoraci\u00f3n inicial del tratamiento donde se decide si el caso a tratar es apto para ser resuelto mediante el sistema de Ortodoncia Invisible.<\/p>\n<p>La planificaci\u00f3n y estudio del caso, donde se especifica el n\u00famero de secuencias, y dem\u00e1s dispositivos que fueran necesarios, se entrega una visualizaci\u00f3n del inicio y terminaci\u00f3n del tratamiento y se determina el costo exacto.<\/p>\n<p>El precio vinculante es aquel que se especifica en el presupuesto dado a cada caso en particular, \u00e9ste se informar\u00e1 mediante comunicaci\u00f3n telef\u00f3nica y correo electr\u00f3nico.<\/p>\n<p>El presupuesto dado tiene una vigencia de 2 meses, transcurrido este tiempo se actualizar\u00e1 con un nuevo presupuesto.<\/p>\n<p><strong>7.3<\/strong> Los dispositivos que fueran necesarios como elementos de expansi\u00f3n, gomas, ataches personalizados y servicios adicionales se cobrar\u00e1n por separado.<\/p>\n<p><strong>7.4<\/strong> Pe\u00f1alta Dental SL se reserva la actualizaci\u00f3n de precios en cuanto al coste del env\u00edo por la agencia de transporte.<\/p>\n<p>Pe\u00f1alta Dental SL tiene derecho a seleccionar la opci\u00f3n m\u00e1s rentable en relaci\u00f3n con la entrega de paquetes, env\u00edo y gastos de env\u00edo.<\/p>\n<p>&nbsp;<\/p>\n<h4>8. Pago<\/h4>\n<p><strong>8.1<\/strong> El pago de la tarifa de laboratorio, se realizar\u00e1 en el acto de aceptaci\u00f3n del tratamiento. Dicho importe se cargar\u00e1 en la tarjeta de cr\u00e9dito o n\u00famero de cuenta facilitado por el doctor\/a.<\/p>\n<p><strong>Pe\u00f1alta Dental S.L.<\/strong> acepta efectivo, tarjeta de cr\u00e9dito, transferencia bancaria, domiciliaci\u00f3n bancaria y contra reembolso como formas de pago.<\/p>\n<p><strong>8.2<\/strong> En caso de nuevos clientes, <strong>Pe\u00f1alta Dental S.L.<\/strong> tiene el derecho de limitar las opciones de pago aceptados antes de aceptar el pedido.<\/p>\n<p><strong>Pe\u00f1alta Dental S.L.<\/strong> no acepta los pagos de pacientes, incluidos los pagos que han sido remitidos por un dentista en favor de un paciente.<\/p>\n<p><strong>8.3<\/strong> <strong>Pe\u00f1alta Dental S.L.<\/strong> no entregar\u00e1 ning\u00fan caso de Alineadores si hubiere cantidades pendientes de ser cobradas, hasta que el pago pendiente no se haga efectivo.<\/p>\n<p><strong>8.4<\/strong> Un pago se considera efectivo cuando <strong>Pe\u00f1alta Dental S.L.<\/strong> est\u00e1 en condiciones de disponer de la cantidad 8.5 Si un cargo fuere devuelto se cargar\u00e1n al cliente los gastos ocasionados por dicha devoluci\u00f3n.<\/p>\n<p><strong>8.6<\/strong> La entrega de los Alineadores a la Cl\u00ednica es gratuita en el servicio de entrega estipulado por Pe\u00f1alta Dental SL y la agencia de transporte que comprende hasta las 19.00h. En el caso de solicitud especial de env\u00edo por parte de la Cl\u00ednica los costos adicionales se cobrar\u00e1n por separado.<\/p>\n<p><strong>8.7<\/strong> La recogida del material en cl\u00ednica llevar\u00e1 un coste estipulado por la agencia de transportes que vendr\u00e1 reflejado en la factura en concepto de porte.<\/p>\n<p>&nbsp;<\/p>\n<h4>9. Periodo de elaboraci\u00f3n y entrega<\/h4>\n<p>El periodo estimado para la valoraci\u00f3n del caso es de 2 d\u00edas h\u00e1biles desde la recepci\u00f3n del mismo.<\/p>\n<p>El periodo de planificaci\u00f3n y estudio, set up virtual 3D y presupuesto del caso es de 5 d\u00edas h\u00e1biles desde la recepci\u00f3n del mismo.<\/p>\n<p>La entrega de los Alineadores de realizar\u00e1 en los 10 d\u00edas h\u00e1biles siguientes a la aceptaci\u00f3n del presupuesto.<\/p>\n<p>Cualquier retraso con respecto a las entregas o servicios debido a fuerza mayor o debido a acontecimientos que puedan obstaculizar o hacer imposible la entrega de los Alineadores, como huelga, accidente, retrasos en reparto y sustracci\u00f3n de carga del veh\u00edculo y cualquier anomal\u00eda ajenas a Pe\u00f1alta Dental SL no tienen que ser justificados, lo que tambi\u00e9n se aplica\u00a0a los plazos y fechas para los que existe un acuerdo vinculante. Estas causas eximen a Pe\u00f1alta Dental SL de cualquier responsabilidad y justica para posponer la entrega hasta el momento en que se reestablezca el servicio. Si la duraci\u00f3n de la interrupci\u00f3n es superior a 4 semanas, el cliente tiene derecho a cancelar el contrato en lo que respecta a la parte todav\u00eda\u00a0no cumplida de la misma.<\/p>\n<p><strong>Pe\u00f1alta Dental S.L.<\/strong> tiene derecho a ofrecer entregas parciales de Alineadores, a menos que el odont\u00f3logo\/a no est\u00e9 interesado en recibir entregas parciales.<\/p>\n<p>El compromiso de <strong>Pe\u00f1alta Dental S.L.<\/strong> a las obligaciones de entrega y servicio requiere por parte del odont\u00f3logo\/a el env\u00edo de informaci\u00f3n y env\u00edo de elementos necesarios para la realizaci\u00f3n del caso. Cualquier presentaci\u00f3n incompleta de los documentos requeridos puede dar lugar a retrasos, tales como env\u00edo incompletos de modelos, impresiones defectuosas,\u00a0incorrecto positivado de los modelos, falta de informaci\u00f3n del tratamiento a seguir, etc.<\/p>\n<p>&nbsp;<\/p>\n<h4>10. Garant\u00edas y reclamaciones<\/h4>\n<p><strong>10.1<\/strong> Pe\u00f1alta Dental SL garantiza que todos los aparatos y Alineadores se han entregado libre de defectos de material y fabricaci\u00f3n, y que est\u00e1n en la condici\u00f3n que se ha acordado contractualmente .<\/p>\n<p><strong>10.2<\/strong> Los aparatos auxiliares que sean necesarios para realizar con \u00e9xito la t\u00e9cnica de <strong>Alexia 3D System<\/strong> tienen una garant\u00eda de tres meses a partir de la fecha de entrega.<\/p>\n<p><strong>10.3<\/strong> El cl\u00ednico tiene la obligaci\u00f3n de examinar todos los aparatos y Alineadores inmediatamente despu\u00e9s de la recepci\u00f3n de estos. Si existiera alg\u00fan problema durante el examen cuidados, el odont\u00f3logo\/a est\u00e1 obligado a informar a Pe\u00f1alta Dental SL a la mayor brevedad y por escrito de cualquier defecto que pudiera tener.<\/p>\n<p><strong>10.4<\/strong> Pe\u00f1alta Dental SL repondr\u00e1 de nuevo estos Alineadores o aparatos en los que pudiera existir alg\u00fan defecto. Cualquier material defectuoso s\u00f3lo puede ser reclamado por el cl\u00ednico y no puede ser asignado a un tercero.<\/p>\n<p><strong>10.5<\/strong> Los Alineadores que por p\u00e9rdida se hayan extraviado, ser\u00e1n repuestos en el plazo m\u00e1ximo de 48 horas y se le aplicar\u00e1 la tarifa vigente.<\/p>\n<p>&nbsp;<\/p>\n<h4>11. Solicitud de cancelaci\u00f3n de un pedido<\/h4>\n<p>En caso de que un pedido se cancelara despu\u00e9s de que el odont\u00f3logo\/a haya confirmado y aceptado y el Set up virtual 3D se haya realizado, el importe ser\u00e1 el total de lo aceptado en el presupuesto.<\/p>\n<p>Si esto no se hubiera realizado el cargo ser\u00e1 de lo estipulado por estudio y planificaci\u00f3n del caso.<\/p>\n<p>&nbsp;<\/p>\n<h4>12. Documentos<\/h4>\n<p>Los documentos f\u00edsicos, tales como modelos de estudio s\u00f3lo ser\u00e1n mantenidos por <strong>Pe\u00f1alta Dental S.L.<\/strong> durante el periodo necesario para cumplir debidamente la relaci\u00f3n contractual.<\/p>\n<p><strong>Pe\u00f1alta Dental S.L.<\/strong> puede utilizar internamente los documentos, incluyendo los modelos, radiograf\u00edas, fotograf\u00edas, pel\u00edculas , estudio, etc. para material de cursos de capacitaci\u00f3n e investigaci\u00f3n y publicaciones en revistas especializadas, siempre de acuerdo a lo que exige la Ley de Protecci\u00f3n de Datos.<\/p>\n<\/div><div class=\"empty-space empty-single\" ><span class=\"empty-space-inner\"><\/span><\/div>\n<\/div><\/div><\/div><\/div><\/div><script id=\"script-row-unique-1\" data-row=\"script-row-unique-1\" type=\"text\/javascript\" class=\"vc_controls\">UNCODE.initRow(document.getElementById(\"row-unique-1\"));<\/script><\/div><\/div><\/div>\n<\/div>","protected":false},"excerpt":{"rendered":"Condiciones y Consentimiento T\u00e9rminos y condiciones generales de Alexia 3D System Ortodoncia invisible 1. Aplicaci\u00f3n de los t\u00e9rminos y condiciones [...]","protected":false},"author":1,"featured_media":0,"parent":0,"menu_order":0,"comment_status":"closed","ping_status":"closed","template":"","meta":{"footnotes":""},"_links":{"self":[{"href":"https:\/\/ortodonciadigital3d.com\/en\/wp-json\/wp\/v2\/pages\/3"}],"collection":[{"href":"https:\/\/ortodonciadigital3d.com\/en\/wp-json\/wp\/v2\/pages"}],"about":[{"href":"https:\/\/ortodonciadigital3d.com\/en\/wp-json\/wp\/v2\/types\/page"}],"author":[{"embeddable":true,"href":"https:\/\/ortodonciadigital3d.com\/en\/wp-json\/wp\/v2\/users\/1"}],"replies":[{"embeddable":true,"href":"https:\/\/ortodonciadigital3d.com\/en\/wp-json\/wp\/v2\/comments?post=3"}],"version-history":[{"count":0,"href":"https:\/\/ortodonciadigital3d.com\/en\/wp-json\/wp\/v2\/pages\/3\/revisions"}],"wp:attachment":[{"href":"https:\/\/ortodonciadigital3d.com\/en\/wp-json\/wp\/v2\/media?parent=3"}],"curies":[{"name":"wp","href":"https:\/\/api.w.org\/{rel}","templated":true}]}}