{"id":101067,"date":"2019-10-03T11:07:51","date_gmt":"2019-10-03T09:07:51","guid":{"rendered":"https:\/\/ortodonciadigital3d.com\/?page_id=101067"},"modified":"2019-10-07T14:29:08","modified_gmt":"2019-10-07T12:29:08","slug":"ferulas-digitales","status":"publish","type":"page","link":"https:\/\/ortodonciadigital3d.com\/en\/ferulas-digitales\/","title":{"rendered":"F\u00e9rulas digitales"},"content":{"rendered":"<div class=\"wpb-content-wrapper\"><div data-parent=\"true\" class=\"vc_row vc_custom_1570102331634 row-container boomapps_vcrow\" style=\"margin-top: 50px ;margin-bottom: 50px ;\" id=\"row-unique-0\"><div class=\"row col-double-gutter single-top-padding single-bottom-padding no-h-padding limit-width row-parent\"><div class=\"wpb_row row-inner\"><div class=\"wpb_column pos-middle pos-center align_center column_parent col-lg-6 boomapps_vccolumn single-internal-gutter\"><div class=\"uncol style-dark shift_x_neg_double animate_when_almost_visible bottom-t-top\"  data-delay=\"400\"><div class=\"uncoltable\" style=\"min-height: 280px;\"><div class=\"uncell  boomapps_vccolumn no-block-padding\" ><div class=\"uncont\">\n\t\t\t<!-- START digital ferula producto REVOLUTION SLIDER 6.6.20 --><p class=\"rs-p-wp-fix\"><\/p>\n\t\t\t<rs-module-wrap id=\"rev_slider_74_1_wrapper\" data-source=\"gallery\" style=\"visibility:hidden;background:transparent;padding:0;margin:0px auto;margin-top:0;margin-bottom:0;\">\n\t\t\t\t<rs-module id=\"rev_slider_74_1\" style=\"\" data-version=\"6.6.20\">\n\t\t\t\t\t<rs-slides style=\"overflow: hidden; position: absolute;\">\n\t\t\t\t\t\t<rs-slide style=\"position: absolute;\" data-key=\"rs-282\" data-title=\"Slide\" data-ssop=\"true\" data-in=\"o:1;\" data-out=\"o:1;\">\n\t\t\t\t\t\t\t<img decoding=\"async\" src=\"\/\/ortodonciadigital3d.com\/wp-content\/plugins\/revslider\/public\/assets\/assets\/dummy.png\" alt=\"Slide\" title=\"F\u00e9rulas digitales\" class=\"rev-slidebg tp-rs-img rs-lazyload\" data-lazyload=\"\/\/ortodonciadigital3d.com\/wp-content\/plugins\/revslider\/public\/assets\/assets\/transparent.png\" data-no-retina>\n<!--\n\t\t\t\t\t\t\t--><rs-layer\n\t\t\t\t\t\t\t\tid=\"slider-74-slide-282-layer-1\" \n\t\t\t\t\t\t\t\tdata-type=\"image\"\n\t\t\t\t\t\t\t\tdata-rsp_ch=\"on\"\n\t\t\t\t\t\t\t\tdata-xy=\"x:c;y:m;\"\n\t\t\t\t\t\t\t\tdata-text=\"l:22;a:inherit;\"\n\t\t\t\t\t\t\t\tdata-dim=\"w:['600px','600px','600px','600px'];h:['486','486','486','486'];\"\n\t\t\t\t\t\t\t\tdata-actions='o:mouseenter;a:jumptoslide;slide:next;'\n\t\t\t\t\t\t\t\tdata-frame_0=\"y:100%;tp:600;\"\n\t\t\t\t\t\t\t\tdata-frame_0_mask=\"u:t;y:100%;\"\n\t\t\t\t\t\t\t\tdata-frame_1=\"tp:600;e:power2.inOut;sp:600;sR:10;\"\n\t\t\t\t\t\t\t\tdata-frame_1_mask=\"u:t;\"\n\t\t\t\t\t\t\t\tdata-frame_999=\"o:0;tp:600;st:w;sR:8390;\"\n\t\t\t\t\t\t\t\tstyle=\"z-index:5;\"\n\t\t\t\t\t\t\t><img decoding=\"async\" src=\"\/\/ortodonciadigital3d.com\/wp-content\/plugins\/revslider\/public\/assets\/assets\/dummy.png\" alt=\"\" class=\"tp-rs-img rs-lazyload\" width=\"1200\" height=\"972\" data-lazyload=\"\/\/ortodonciadigital3d.com\/wp-content\/uploads\/2019\/10\/Ferula-Digital-7.png\" data-no-retina> \n\t\t\t\t\t\t\t<\/rs-layer><!--\n-->\t\t\t\t\t\t<\/rs-slide>\n\t\t\t\t\t\t<rs-slide style=\"position: absolute;\" data-key=\"rs-283\" data-title=\"Slide\" data-ssop=\"true\" data-in=\"o:1;\" data-out=\"o:1;\">\n\t\t\t\t\t\t\t<img decoding=\"async\" src=\"\/\/ortodonciadigital3d.com\/wp-content\/plugins\/revslider\/public\/assets\/assets\/dummy.png\" alt=\"Slide\" title=\"F\u00e9rulas digitales\" class=\"rev-slidebg tp-rs-img rs-lazyload\" data-lazyload=\"\/\/ortodonciadigital3d.com\/wp-content\/plugins\/revslider\/public\/assets\/assets\/transparent.png\" data-no-retina>\n<!--\n\t\t\t\t\t\t\t--><rs-layer\n\t\t\t\t\t\t\t\tid=\"slider-74-slide-283-layer-2\" \n\t\t\t\t\t\t\t\tdata-type=\"image\"\n\t\t\t\t\t\t\t\tdata-rsp_ch=\"on\"\n\t\t\t\t\t\t\t\tdata-xy=\"x:c;y:m;\"\n\t\t\t\t\t\t\t\tdata-text=\"l:22;a:inherit;\"\n\t\t\t\t\t\t\t\tdata-dim=\"w:['600px','600px','600px','600px'];h:['486','486','486','486'];\"\n\t\t\t\t\t\t\t\tdata-actions='o:mouseleave;a:jumptoslide;slide:next;'\n\t\t\t\t\t\t\t\tdata-frame_0=\"y:100%;tp:600;\"\n\t\t\t\t\t\t\t\tdata-frame_0_mask=\"u:t;y:100%;\"\n\t\t\t\t\t\t\t\tdata-frame_1=\"tp:600;e:power2.inOut;sp:600;sR:10;\"\n\t\t\t\t\t\t\t\tdata-frame_1_mask=\"u:t;\"\n\t\t\t\t\t\t\t\tdata-frame_999=\"o:0;tp:600;st:w;sR:8390;\"\n\t\t\t\t\t\t\t\tstyle=\"z-index:5;\"\n\t\t\t\t\t\t\t><img decoding=\"async\" src=\"\/\/ortodonciadigital3d.com\/wp-content\/plugins\/revslider\/public\/assets\/assets\/dummy.png\" alt=\"\" class=\"tp-rs-img rs-lazyload\" width=\"1200\" height=\"972\" data-lazyload=\"\/\/ortodonciadigital3d.com\/wp-content\/uploads\/2019\/10\/Ferula-Digital-8.png\" data-no-retina> \n\t\t\t\t\t\t\t<\/rs-layer><!--\n-->\t\t\t\t\t\t<\/rs-slide>\n\t\t\t\t\t<\/rs-slides>\n\t\t\t\t<\/rs-module>\n\t\t\t\t<script>\n\t\t\t\t\tsetREVStartSize({c: 'rev_slider_74_1',rl:[1240,1024,778,480],el:[],gw:[600,600,600,600],gh:[500,500,500,500],type:'standard',justify:'',layout:'fullwidth',mh:\"0\"});if (window.RS_MODULES!==undefined && window.RS_MODULES.modules!==undefined && window.RS_MODULES.modules[\"revslider741\"]!==undefined) {window.RS_MODULES.modules[\"revslider741\"].once = false;window.revapi74 = undefined;if (window.RS_MODULES.checkMinimal!==undefined) window.RS_MODULES.checkMinimal()}\n\t\t\t\t<\/script>\n\t\t\t<\/rs-module-wrap>\n\t\t\t<!-- END REVOLUTION SLIDER -->\n<div class=\"vc_row row-internal row-container boomapps_vcrow\"><div class=\"row row-child\"><div class=\"wpb_row row-inner\"><div class=\"wpb_column pos-top pos-center align_left column_child col-lg-12 boomapps_vccolumn single-internal-gutter\"><div class=\"uncol style-light\" ><div class=\"uncoltable\"><div class=\"uncell  boomapps_vccolumn no-block-padding\" ><div class=\"uncont\"><div class=\"owl-carousel-wrapper\">\n\t\n\t<div class=\"owl-carousel-container owl-carousel-loading half-gutter\">\n\t\t\t\t\t\t<div id=\"gallery-138113\" class=\"owl-carousel owl-element owl-height-auto\" data-navmobile=\"false\" data-navspeed=\"400\" data-autoplay=\"true\" data-timeout=\"3000\" data-stagepadding=\"0\" data-lg=\"3\" data-md=\"3\" data-sm=\"3\">\n<div class=\"tmb tmb-carousel tmb-iso-h4 tmb-light tmb-overlay-text-anim tmb-overlay-anim tmb-overlay-middle tmb-overlay-text-left tmb-image-anim tmb-bordered tmb-id-101157  tmb-img-ratio tmb-media-first tmb-media-last tmb-content-overlay tmb-no-bg tmb-lightbox\" ><div class=\"t-inside\" ><div class=\"t-entry-visual\"><div class=\"t-entry-visual-tc\"><div class=\"t-entry-visual-cont\"><div class=\"dummy\" style=\"padding-top: 100%;\"><\/div><a tabindex=\"-1\" href=\"https:\/\/ortodonciadigital3d.com\/wp-content\/uploads\/2019\/10\/Ferula-Digital-1.jpg\" class=\"pushed\" data-active=\"1\" data-lbox=\"ilightbox_gallery-138113\" data-options=\"width:1003,height:799,thumbnail: 'https:\/\/ortodonciadigital3d.com\/wp-content\/uploads\/2019\/10\/Ferula-Digital-1-300x239.jpg'\" data-lb-index=\"0\"><div class=\"t-entry-visual-overlay\"><div class=\"t-entry-visual-overlay-in style-dark-bg\" style=\"opacity: 0.5;\"><\/div><\/div><img decoding=\"async\" class=\"wp-image-101157\" src=\"https:\/\/ortodonciadigital3d.com\/wp-content\/uploads\/2019\/10\/Ferula-Digital-1-uai-799x799.jpg\" width=\"799\" height=\"799\" alt=\"\" \/><\/a><\/div>\n\t\t\t\t\t<\/div>\n\t\t\t\t<\/div><\/div><\/div><div class=\"tmb tmb-carousel tmb-iso-h4 tmb-light tmb-overlay-text-anim tmb-overlay-anim tmb-overlay-middle tmb-overlay-text-left tmb-image-anim tmb-bordered tmb-id-101178  tmb-img-ratio tmb-media-first tmb-media-last tmb-content-overlay tmb-no-bg tmb-lightbox\" ><div class=\"t-inside\" ><div class=\"t-entry-visual\"><div class=\"t-entry-visual-tc\"><div class=\"t-entry-visual-cont\"><div class=\"dummy\" style=\"padding-top: 100%;\"><\/div><a tabindex=\"-1\" href=\"https:\/\/ortodonciadigital3d.com\/wp-content\/uploads\/2019\/10\/02-1.jpg\" class=\"pushed\" data-active=\"1\" data-lbox=\"ilightbox_gallery-138113\" data-options=\"width:1003,height:799,thumbnail: 'https:\/\/ortodonciadigital3d.com\/wp-content\/uploads\/2019\/10\/02-1-300x239.jpg'\" data-lb-index=\"1\"><div class=\"t-entry-visual-overlay\"><div class=\"t-entry-visual-overlay-in style-dark-bg\" style=\"opacity: 0.5;\"><\/div><\/div><img decoding=\"async\" class=\"wp-image-101178\" src=\"https:\/\/ortodonciadigital3d.com\/wp-content\/uploads\/2019\/10\/02-1-uai-799x799.jpg\" width=\"799\" height=\"799\" alt=\"\" \/><\/a><\/div>\n\t\t\t\t\t<\/div>\n\t\t\t\t<\/div><\/div><\/div><div class=\"tmb tmb-carousel tmb-iso-h4 tmb-light tmb-overlay-text-anim tmb-overlay-anim tmb-overlay-middle tmb-overlay-text-left tmb-image-anim tmb-bordered tmb-id-101159  tmb-img-ratio tmb-media-first tmb-media-last tmb-content-overlay tmb-no-bg tmb-lightbox\" ><div class=\"t-inside\" ><div class=\"t-entry-visual\"><div class=\"t-entry-visual-tc\"><div class=\"t-entry-visual-cont\"><div class=\"dummy\" style=\"padding-top: 100%;\"><\/div><a tabindex=\"-1\" href=\"https:\/\/ortodonciadigital3d.com\/wp-content\/uploads\/2019\/10\/Ferula-Digital-4.jpg\" class=\"pushed\" data-active=\"1\" data-lbox=\"ilightbox_gallery-138113\" data-options=\"width:857,height:678,thumbnail: 'https:\/\/ortodonciadigital3d.com\/wp-content\/uploads\/2019\/10\/Ferula-Digital-4-300x237.jpg'\" data-lb-index=\"2\"><div class=\"t-entry-visual-overlay\"><div class=\"t-entry-visual-overlay-in style-dark-bg\" style=\"opacity: 0.5;\"><\/div><\/div><img decoding=\"async\" class=\"wp-image-101159\" src=\"https:\/\/ortodonciadigital3d.com\/wp-content\/uploads\/2019\/10\/Ferula-Digital-4-uai-678x678.jpg\" width=\"678\" height=\"678\" alt=\"\" \/><\/a><\/div>\n\t\t\t\t\t<\/div>\n\t\t\t\t<\/div><\/div><\/div>\t\t\t\t\t\t<\/div>\n\t\t\t\t\t<\/div>\n\n\t\n\t\n<\/div>\n\n<\/div><\/div><\/div><\/div><\/div><\/div><\/div><\/div><\/div><\/div><\/div><\/div><\/div><div class=\"wpb_column pos-middle pos-center align_left align_center_tablet align_center_mobile column_parent col-lg-6 boomapps_vccolumn single-internal-gutter\"><div class=\"uncol style-light animate_when_almost_visible bottom-t-top\"  data-delay=\"200\"><div class=\"uncoltable\"><div class=\"uncell  vc_custom_1570101109759 boomapps_vccolumn no-block-padding\" style=\"padding-right: 10px ;padding-left: 10px ;\" ><div class=\"uncont\"><div class=\"empty-space empty-single desktop-hidden tablet-hidden\" ><span class=\"empty-space-inner\"><\/span><\/div>\n<div class=\"uncode_text_column vc_custom_1570094437466\"  style=\"margin-top: -30px ;\"><\/p>\n<h1 class=\"p1\" style=\"font-family: roboto; font-weight: 300; ; font-size: 30px; line-height: 30px;\">F\u00e9rulas <strong>digitales<\/strong><\/h1>\n<p>\n<\/div><div class=\"uncode_text_column text-lead\" ><\/p>\n<h4><strong>Dise\u00f1adas y elaboradas mediante tecnolog\u00eda CAD CAM.<\/strong><\/h4>\n<p style=\"font-size: 14px; line-height: 18px; margin-top: 2px;\">Soluci\u00f3n de \u00faltima generaci\u00f3n tecnol\u00f3gica que las dotan de una m\u00e1xima exactitud y precisi\u00f3n en sus registros. Indicadas principalmente para ser enviadas mediante esc\u00e1ner intraoral.<\/p>\n<p><strong>Flujo Digital:<\/strong><\/p>\n<ol style=\"margin-top: 5px;\">\n<li style=\"list-style-type: none;\">\n<ol>\n<li style=\"list-style-type: none;\">\n<ol>\n<li style=\"list-style-type: none;\">\n<ol>\n<li>escaneado intraoral<\/li>\n<li>env\u00edo de archivo<\/li>\n<li>dise\u00f1o software 3D<\/li>\n<li>impresi\u00f3n digital de la f\u00e9rula<\/li>\n<li>env\u00edo a cl\u00ednica de la f\u00e9rula.<\/li>\n<\/ol>\n<\/li>\n<\/ol>\n<\/li>\n<\/ol>\n<\/li>\n<\/ol>\n<p style=\"font-size: 14px; line-height: 18px; margin-top: 25px;\">Elaboradas bajos los m\u00e1s rigurosos protocolos de fabricaci\u00f3n para que las f\u00e9rulas sean verdaderamente efectivas, estabilidad en contactos, funciones de exc\u00e9ntricas y protecci\u00f3n en lateralidades y no s\u00f3lo unos meros levantes de mordida. Este tipo de f\u00e9rulas est\u00e1n indicadas en una amplia patolog\u00eda desde la maloclusi\u00f3n, disfunci\u00f3n de la articulaci\u00f3n temporomandibular, hasta el bruxismo. A su vez, suponen un eficaz m\u00e9todo en la prevenci\u00f3n de posteriores fracturas en restauraciones de porcelana.<\/p>\n<p style=\"font-size: 14px; line-height: 18px; margin-top: 2px;\">Todas las distintas modalidades de f\u00e9rulas pueden ser elaboradas mediante env\u00edo de modelos en escayola como mediante registros tomados mediante esc\u00e1ner intraoral.<\/p>\n<p style=\"font-size: 14px; line-height: 18px; margin-top: 2px;\">Ahora puede ofrecer a sus pacientes lo \u00faltimo en F\u00e9rulas digitales de la mano de Pe\u00f1alta Dental.<\/p>\n<p>\n<\/div><\/div><\/div><\/div><\/div><\/div><script id=\"script-row-unique-0\" data-row=\"script-row-unique-0\" type=\"text\/javascript\" class=\"vc_controls\">UNCODE.initRow(document.getElementById(\"row-unique-0\"));<\/script><\/div><\/div><\/div><div data-parent=\"true\" class=\"vc_row style-color-jevc-bg row-container boomapps_vcrow\" id=\"row-unique-1\"><div class=\"row single-top-padding no-bottom-padding single-h-padding full-width row-parent\"><div class=\"wpb_row row-inner\"><div class=\"wpb_column pos-top pos-center align_left column_parent col-lg-12 boomapps_vccolumn single-internal-gutter\"><div class=\"uncol style-light\"  ><div class=\"uncoltable\"><div class=\"uncell  boomapps_vccolumn no-block-padding\" ><div class=\"uncont\"><div class=\"uncode_text_column\" ><\/p>\n<h2 style=\"text-align: center; font-family: roboto; font-weight: 300; line-height: 30px; color: #fff;\">Ahora puede ofrecer a sus pacientes <strong>lo \u00faltimo en F\u00e9rulas digitales<\/strong><\/h2>\n<p style=\"text-align: center; font-family: roboto; line-height: 20px; color: #fff;\">DE LA MANO DE PE\u00d1ALTA DENTAL<\/p>\n<p>\n<\/div><\/div><\/div><\/div><\/div><\/div><script id=\"script-row-unique-1\" data-row=\"script-row-unique-1\" type=\"text\/javascript\" class=\"vc_controls\">UNCODE.initRow(document.getElementById(\"row-unique-1\"));<\/script><\/div><\/div><\/div><div data-parent=\"true\" class=\"vc_row style-color-jevc-bg vc_custom_1570094191141 row-container boomapps_vcrow\" style=\"margin-bottom: -25px ;\" id=\"row-unique-2\"><div class=\"row full-width row-parent\"><div class=\"wpb_row row-inner\"><div class=\"wpb_column pos-top pos-center align_center column_parent col-lg-12 boomapps_vccolumn single-internal-gutter\"><div class=\"uncol style-light\"  ><div class=\"uncoltable\"><div class=\"uncell  boomapps_vccolumn no-block-padding\" ><div class=\"uncont\"><div class=\"empty-space empty-quart desktop-hidden tablet-hidden\" ><span class=\"empty-space-inner\"><\/span><\/div>\n<div class=\"owl-carousel-wrapper\">\n\t\n\t<div class=\"owl-carousel-container owl-carousel-loading single-gutter\">\n\t\t\t\t\t\t<div id=\"gallery-496292\" class=\"owl-carousel owl-element owl-height-auto\" data-navmobile=\"false\" data-navspeed=\"400\" data-autoplay=\"true\" data-timeout=\"3000\" data-stagepadding=\"0\" data-lg=\"6\" data-md=\"6\" data-sm=\"2\">\n<div class=\"tmb tmb-carousel tmb-iso-h4 tmb-light tmb-overlay-text-anim tmb-overlay-anim tmb-overlay-middle tmb-overlay-text-left tmb-image-anim tmb-bordered tmb-id-101226  tmb-img-ratio tmb-media-first tmb-media-last tmb-content-overlay tmb-no-bg tmb-lightbox\" ><div class=\"t-inside\" ><div class=\"t-entry-visual\"><div class=\"t-entry-visual-tc\"><div class=\"t-entry-visual-cont\"><div class=\"dummy\" style=\"padding-top: 100%;\"><\/div><a tabindex=\"-1\" href=\"https:\/\/ortodonciadigital3d.com\/wp-content\/uploads\/2019\/10\/Fe\u0301rula-5_4a.jpg\" class=\"pushed\" data-active=\"1\" data-lbox=\"ilightbox_gallery-496292\" data-options=\"width:931,height:675,thumbnail: 'https:\/\/ortodonciadigital3d.com\/wp-content\/uploads\/2019\/10\/Fe\u0301rula-5_4a-300x218.jpg'\" data-lb-index=\"0\"><div class=\"t-entry-visual-overlay\"><div class=\"t-entry-visual-overlay-in style-dark-bg\" style=\"opacity: 0.5;\"><\/div><\/div><img decoding=\"async\" class=\"wp-image-101226\" src=\"https:\/\/ortodonciadigital3d.com\/wp-content\/uploads\/2019\/10\/Fe\u0301rula-5_4a-uai-675x675.jpg\" width=\"675\" height=\"675\" alt=\"\" \/><\/a><\/div>\n\t\t\t\t\t<\/div>\n\t\t\t\t<\/div><\/div><\/div><div class=\"tmb tmb-carousel tmb-iso-h4 tmb-light tmb-overlay-text-anim tmb-overlay-anim tmb-overlay-middle tmb-overlay-text-left tmb-image-anim tmb-bordered tmb-id-101229  tmb-img-ratio tmb-media-first tmb-media-last tmb-content-overlay tmb-no-bg tmb-lightbox\" ><div class=\"t-inside\" ><div class=\"t-entry-visual\"><div class=\"t-entry-visual-tc\"><div class=\"t-entry-visual-cont\"><div class=\"dummy\" style=\"padding-top: 100%;\"><\/div><a tabindex=\"-1\" href=\"https:\/\/ortodonciadigital3d.com\/wp-content\/uploads\/2019\/10\/Fe\u0301rula-5_1a.jpg\" class=\"pushed\" data-active=\"1\" data-lbox=\"ilightbox_gallery-496292\" data-options=\"width:931,height:675,thumbnail: 'https:\/\/ortodonciadigital3d.com\/wp-content\/uploads\/2019\/10\/Fe\u0301rula-5_1a-300x218.jpg'\" data-lb-index=\"1\"><div class=\"t-entry-visual-overlay\"><div class=\"t-entry-visual-overlay-in style-dark-bg\" style=\"opacity: 0.5;\"><\/div><\/div><img decoding=\"async\" class=\"wp-image-101229\" src=\"https:\/\/ortodonciadigital3d.com\/wp-content\/uploads\/2019\/10\/Fe\u0301rula-5_1a-uai-675x675.jpg\" width=\"675\" height=\"675\" alt=\"\" \/><\/a><\/div>\n\t\t\t\t\t<\/div>\n\t\t\t\t<\/div><\/div><\/div><div class=\"tmb tmb-carousel tmb-iso-h4 tmb-light tmb-overlay-text-anim tmb-overlay-anim tmb-overlay-middle tmb-overlay-text-left tmb-image-anim tmb-bordered tmb-id-101225  tmb-img-ratio tmb-media-first tmb-media-last tmb-content-overlay tmb-no-bg tmb-lightbox\" ><div class=\"t-inside\" ><div class=\"t-entry-visual\"><div class=\"t-entry-visual-tc\"><div class=\"t-entry-visual-cont\"><div class=\"dummy\" style=\"padding-top: 100%;\"><\/div><a tabindex=\"-1\" href=\"https:\/\/ortodonciadigital3d.com\/wp-content\/uploads\/2019\/10\/Fe\u0301rula-5_5a.jpg\" class=\"pushed\" data-active=\"1\" data-lbox=\"ilightbox_gallery-496292\" data-options=\"width:931,height:675,thumbnail: 'https:\/\/ortodonciadigital3d.com\/wp-content\/uploads\/2019\/10\/Fe\u0301rula-5_5a-300x218.jpg'\" data-lb-index=\"2\"><div class=\"t-entry-visual-overlay\"><div class=\"t-entry-visual-overlay-in style-dark-bg\" style=\"opacity: 0.5;\"><\/div><\/div><img decoding=\"async\" class=\"wp-image-101225\" src=\"https:\/\/ortodonciadigital3d.com\/wp-content\/uploads\/2019\/10\/Fe\u0301rula-5_5a-uai-675x675.jpg\" width=\"675\" height=\"675\" alt=\"\" \/><\/a><\/div>\n\t\t\t\t\t<\/div>\n\t\t\t\t<\/div><\/div><\/div><div class=\"tmb tmb-carousel tmb-iso-h4 tmb-light tmb-overlay-text-anim tmb-overlay-anim tmb-overlay-middle tmb-overlay-text-left tmb-image-anim tmb-bordered tmb-id-101228  tmb-img-ratio tmb-media-first tmb-media-last tmb-content-overlay tmb-no-bg tmb-lightbox\" ><div class=\"t-inside\" ><div class=\"t-entry-visual\"><div class=\"t-entry-visual-tc\"><div class=\"t-entry-visual-cont\"><div class=\"dummy\" style=\"padding-top: 100%;\"><\/div><a tabindex=\"-1\" href=\"https:\/\/ortodonciadigital3d.com\/wp-content\/uploads\/2019\/10\/Fe\u0301rula-5_2a.jpg\" class=\"pushed\" data-active=\"1\" data-lbox=\"ilightbox_gallery-496292\" data-options=\"width:931,height:675,thumbnail: 'https:\/\/ortodonciadigital3d.com\/wp-content\/uploads\/2019\/10\/Fe\u0301rula-5_2a-300x218.jpg'\" data-lb-index=\"3\"><div class=\"t-entry-visual-overlay\"><div class=\"t-entry-visual-overlay-in style-dark-bg\" style=\"opacity: 0.5;\"><\/div><\/div><img decoding=\"async\" class=\"wp-image-101228\" src=\"https:\/\/ortodonciadigital3d.com\/wp-content\/uploads\/2019\/10\/Fe\u0301rula-5_2a-uai-675x675.jpg\" width=\"675\" height=\"675\" alt=\"\" \/><\/a><\/div>\n\t\t\t\t\t<\/div>\n\t\t\t\t<\/div><\/div><\/div><div class=\"tmb tmb-carousel tmb-iso-h4 tmb-light tmb-overlay-text-anim tmb-overlay-anim tmb-overlay-middle tmb-overlay-text-left tmb-image-anim tmb-bordered tmb-id-101253  tmb-img-ratio tmb-media-first tmb-media-last tmb-content-overlay tmb-no-bg tmb-lightbox\" ><div class=\"t-inside\" ><div class=\"t-entry-visual\"><div class=\"t-entry-visual-tc\"><div class=\"t-entry-visual-cont\"><div class=\"dummy\" style=\"padding-top: 100%;\"><\/div><a tabindex=\"-1\" href=\"https:\/\/ortodonciadigital3d.com\/wp-content\/uploads\/2019\/10\/Fe\u0301rula-5_7b.jpg\" class=\"pushed\" data-active=\"1\" data-lbox=\"ilightbox_gallery-496292\" data-options=\"width:931,height:675,thumbnail: 'https:\/\/ortodonciadigital3d.com\/wp-content\/uploads\/2019\/10\/Fe\u0301rula-5_7b-300x218.jpg'\" data-lb-index=\"4\"><div class=\"t-entry-visual-overlay\"><div class=\"t-entry-visual-overlay-in style-dark-bg\" style=\"opacity: 0.5;\"><\/div><\/div><img decoding=\"async\" class=\"wp-image-101253\" src=\"https:\/\/ortodonciadigital3d.com\/wp-content\/uploads\/2019\/10\/Fe\u0301rula-5_7b-uai-675x675.jpg\" width=\"675\" height=\"675\" alt=\"\" \/><\/a><\/div>\n\t\t\t\t\t<\/div>\n\t\t\t\t<\/div><\/div><\/div><div class=\"tmb tmb-carousel tmb-iso-h4 tmb-light tmb-overlay-text-anim tmb-overlay-anim tmb-overlay-middle tmb-overlay-text-left tmb-image-anim tmb-bordered tmb-id-101224  tmb-img-ratio tmb-media-first tmb-media-last tmb-content-overlay tmb-no-bg tmb-lightbox\" ><div class=\"t-inside\" ><div class=\"t-entry-visual\"><div class=\"t-entry-visual-tc\"><div class=\"t-entry-visual-cont\"><div class=\"dummy\" style=\"padding-top: 100%;\"><\/div><a tabindex=\"-1\" href=\"https:\/\/ortodonciadigital3d.com\/wp-content\/uploads\/2019\/10\/Fe\u0301rula-5_6a.jpg\" class=\"pushed\" data-active=\"1\" data-lbox=\"ilightbox_gallery-496292\" data-options=\"width:931,height:675,thumbnail: 'https:\/\/ortodonciadigital3d.com\/wp-content\/uploads\/2019\/10\/Fe\u0301rula-5_6a-300x218.jpg'\" data-lb-index=\"5\"><div class=\"t-entry-visual-overlay\"><div class=\"t-entry-visual-overlay-in style-dark-bg\" style=\"opacity: 0.5;\"><\/div><\/div><img decoding=\"async\" class=\"wp-image-101224\" src=\"https:\/\/ortodonciadigital3d.com\/wp-content\/uploads\/2019\/10\/Fe\u0301rula-5_6a-uai-675x675.jpg\" width=\"675\" height=\"675\" alt=\"\" \/><\/a><\/div>\n\t\t\t\t\t<\/div>\n\t\t\t\t<\/div><\/div><\/div><div class=\"tmb tmb-carousel tmb-iso-h4 tmb-light tmb-overlay-text-anim tmb-overlay-anim tmb-overlay-middle tmb-overlay-text-left tmb-image-anim tmb-bordered tmb-id-101227  tmb-img-ratio tmb-media-first tmb-media-last tmb-content-overlay tmb-no-bg tmb-lightbox\" ><div class=\"t-inside\" ><div class=\"t-entry-visual\"><div class=\"t-entry-visual-tc\"><div class=\"t-entry-visual-cont\"><div class=\"dummy\" style=\"padding-top: 100%;\"><\/div><a tabindex=\"-1\" href=\"https:\/\/ortodonciadigital3d.com\/wp-content\/uploads\/2019\/10\/Fe\u0301rula-5_3a.jpg\" class=\"pushed\" data-active=\"1\" data-lbox=\"ilightbox_gallery-496292\" data-options=\"width:931,height:675,thumbnail: 'https:\/\/ortodonciadigital3d.com\/wp-content\/uploads\/2019\/10\/Fe\u0301rula-5_3a-300x218.jpg'\" data-lb-index=\"6\"><div class=\"t-entry-visual-overlay\"><div class=\"t-entry-visual-overlay-in style-dark-bg\" style=\"opacity: 0.5;\"><\/div><\/div><img decoding=\"async\" class=\"wp-image-101227\" src=\"https:\/\/ortodonciadigital3d.com\/wp-content\/uploads\/2019\/10\/Fe\u0301rula-5_3a-uai-675x675.jpg\" width=\"675\" height=\"675\" alt=\"\" \/><\/a><\/div>\n\t\t\t\t\t<\/div>\n\t\t\t\t<\/div><\/div><\/div><div class=\"tmb tmb-carousel tmb-iso-h4 tmb-light tmb-overlay-text-anim tmb-overlay-anim tmb-overlay-middle tmb-overlay-text-left tmb-image-anim tmb-bordered tmb-id-101250  tmb-img-ratio tmb-media-first tmb-media-last tmb-content-overlay tmb-no-bg tmb-lightbox\" ><div class=\"t-inside\" ><div class=\"t-entry-visual\"><div class=\"t-entry-visual-tc\"><div class=\"t-entry-visual-cont\"><div class=\"dummy\" style=\"padding-top: 100%;\"><\/div><a tabindex=\"-1\" href=\"https:\/\/ortodonciadigital3d.com\/wp-content\/uploads\/2019\/10\/Fe\u0301rula-5_6b.jpg\" class=\"pushed\" data-active=\"1\" data-lbox=\"ilightbox_gallery-496292\" data-options=\"width:931,height:675,thumbnail: 'https:\/\/ortodonciadigital3d.com\/wp-content\/uploads\/2019\/10\/Fe\u0301rula-5_6b-300x218.jpg'\" data-lb-index=\"7\"><div class=\"t-entry-visual-overlay\"><div class=\"t-entry-visual-overlay-in style-dark-bg\" style=\"opacity: 0.5;\"><\/div><\/div><img decoding=\"async\" class=\"wp-image-101250\" src=\"https:\/\/ortodonciadigital3d.com\/wp-content\/uploads\/2019\/10\/Fe\u0301rula-5_6b-uai-675x675.jpg\" width=\"675\" height=\"675\" alt=\"\" \/><\/a><\/div>\n\t\t\t\t\t<\/div>\n\t\t\t\t<\/div><\/div><\/div>\t\t\t\t\t\t<\/div>\n\t\t\t\t\t<\/div>\n\n\t\n\t\n<\/div>\n\n<span class=\"btn-container animate_when_almost_visible bottom-t-top\" ><a href=\"https:\/\/ortodonciadigital3d.com\/en\/contactar\/\" class=\"custom-link btn btn-lg btn-custom-typo font-762333 font-weight-500 text-initial no-letterspace border-width-1 btn-color-xsdn btn-circle btn-outline btn-icon-left btn-ripple-out btn-border-animated\"><i class=\"fa fa-info-large\"><\/i>CONT\u00c1CTANOS Y TE ASESORAMOS<\/a><\/span><\/div><\/div><\/div><\/div><\/div><script id=\"script-row-unique-2\" data-row=\"script-row-unique-2\" type=\"text\/javascript\" class=\"vc_controls\">UNCODE.initRow(document.getElementById(\"row-unique-2\"));<\/script><\/div><\/div><\/div><div data-parent=\"true\" class=\"vc_row style-color-jevc-bg vc_custom_1570094191141 row-container boomapps_vcrow\" style=\"margin-bottom: -25px ;\" id=\"row-unique-3\"><div class=\"row full-width row-parent\"><div class=\"wpb_row row-inner\"><div class=\"wpb_column pos-top pos-center align_center column_parent col-lg-12 boomapps_vccolumn single-internal-gutter\"><div class=\"uncol style-light\"  ><div class=\"uncoltable\"><div class=\"uncell  boomapps_vccolumn no-block-padding\" ><div class=\"uncont\"><div class=\"empty-space empty-single desktop-hidden tablet-hidden\" ><span class=\"empty-space-inner\"><\/span><\/div>\n<\/div><\/div><\/div><\/div><\/div><script id=\"script-row-unique-3\" data-row=\"script-row-unique-3\" type=\"text\/javascript\" class=\"vc_controls\">UNCODE.initRow(document.getElementById(\"row-unique-3\"));<\/script><\/div><\/div><\/div>\n<\/div>","protected":false},"excerpt":{"rendered":"F\u00e9rulas digitales Dise\u00f1adas y elaboradas mediante tecnolog\u00eda CAD CAM. Soluci\u00f3n de \u00faltima generaci\u00f3n tecnol\u00f3gica que las dotan de una m\u00e1xima [...]","protected":false},"author":1,"featured_media":0,"parent":0,"menu_order":0,"comment_status":"open","ping_status":"closed","template":"","meta":{"footnotes":""},"_links":{"self":[{"href":"https:\/\/ortodonciadigital3d.com\/en\/wp-json\/wp\/v2\/pages\/101067"}],"collection":[{"href":"https:\/\/ortodonciadigital3d.com\/en\/wp-json\/wp\/v2\/pages"}],"about":[{"href":"https:\/\/ortodonciadigital3d.com\/en\/wp-json\/wp\/v2\/types\/page"}],"author":[{"embeddable":true,"href":"https:\/\/ortodonciadigital3d.com\/en\/wp-json\/wp\/v2\/users\/1"}],"replies":[{"embeddable":true,"href":"https:\/\/ortodonciadigital3d.com\/en\/wp-json\/wp\/v2\/comments?post=101067"}],"version-history":[{"count":0,"href":"https:\/\/ortodonciadigital3d.com\/en\/wp-json\/wp\/v2\/pages\/101067\/revisions"}],"wp:attachment":[{"href":"https:\/\/ortodonciadigital3d.com\/en\/wp-json\/wp\/v2\/media?parent=101067"}],"curies":[{"name":"wp","href":"https:\/\/api.w.org\/{rel}","templated":true}]}}