{"id":100510,"date":"2019-09-24T13:13:11","date_gmt":"2019-09-24T11:13:11","guid":{"rendered":"https:\/\/ortodonciadigital3d.com\/?page_id=100510"},"modified":"2019-10-31T18:42:04","modified_gmt":"2019-10-31T16:42:04","slug":"aparatologia-estetica-invisible","status":"publish","type":"page","link":"https:\/\/ortodonciadigital3d.com\/en\/aparatologia-estetica-invisible\/","title":{"rendered":"Aparatolog\u00eda est\u00e9tica invisible"},"content":{"rendered":"<div class=\"wpb-content-wrapper\"><div data-parent=\"true\" class=\"vc_row row-container boomapps_vcrow\" id=\"row-unique-0\"><div class=\"row-background background-element\">\n\t\t\t\t\t\t\t\t\t\t\t<div class=\"background-wrapper\">\n\t\t\t\t\t\t\t\t\t\t\t\t<div class=\"background-inner\" style=\"background-image: url(https:\/\/ortodonciadigital3d.com\/wp-content\/uploads\/2019\/10\/fondodescrip.jpg);background-repeat: no-repeat;background-position: center center;background-attachment: scroll;background-size: cover;\"><\/div>\n\t\t\t\t\t\t\t\t\t\t\t\t\n\t\t\t\t\t\t\t\t\t\t\t<\/div>\n\t\t\t\t\t\t\t\t\t\t<\/div><div class=\"row triple-top-padding triple-bottom-padding no-h-padding limit-width row-parent\" data-height-ratio=\"30\"><div class=\"wpb_row row-inner\"><div class=\"wpb_column pos-middle pos-center align_center column_parent col-lg-12 boomapps_vccolumn single-internal-gutter\"><div class=\"uncol style-dark\"  ><div class=\"uncoltable\"><div class=\"uncell  boomapps_vccolumn no-block-padding\" ><div class=\"uncont\"><div class=\"uncode_text_column vc_custom_1572432892207\"  style=\"margin-top: -30px ;padding-right: 5% ;padding-left: 5% ;\"><\/p>\n<h1 class=\"p1\" style=\"font-family: roboto; font-weight: 300; text-align: left;\">\u00bfQu\u00e9 es la Ortodoncia <strong>Invisible<\/strong>?<\/h1>\n<p style=\"text-align: left;\"><span class=\"s1\">Para aquellos pacientes que necesiten aparatolog\u00eda y no quieren renunciar a su est\u00e9tica, surge este tratamiento. Con la posibilidad de solucionar problemas de api\u00f1amiento, diastemas o de sobremordida siendo invisibles a la vista, gracias a su transparencia. Este tratamiento consiste en la fabricaci\u00f3n a medida de una serie de aparatos transparentes que encajan perfectamente en la cavidad bucal del paciente, maximizando la comodidad y est\u00e9tica. Otra de sus grandes ventajas es que estos alineadores son removibles, debiendose retirar a la hora de comer (para no da\u00f1arlos), o al cepillarse los dientes, lo que desemboca en una mejor higiene bucodental.<\/span><\/p>\n<p>\n<\/div><\/div><\/div><\/div><\/div><\/div><script id=\"script-row-unique-0\" data-row=\"script-row-unique-0\" type=\"text\/javascript\" class=\"vc_controls\">UNCODE.initRow(document.getElementById(\"row-unique-0\"));<\/script><\/div><\/div><\/div><div data-parent=\"true\" class=\"vc_row row-container boomapps_vcrow\" id=\"row-unique-1\"><div class=\"row unequal double-top-padding double-bottom-padding double-h-padding limit-width row-parent\" data-height-ratio=\"40\"><div class=\"wpb_row row-inner\"><div class=\"wpb_column pos-middle pos-right align_right column_parent col-lg-3 boomapps_vccolumn no-internal-gutter\"><div class=\"uncol style-light\"  ><div class=\"uncoltable\"><div class=\"uncell  boomapps_vccolumn no-block-padding\" ><div class=\"uncont\"><div class=\"uncode_text_column vc_custom_1570459069581\"  style=\"margin-top: -30px ;\"><\/p>\n<h1 class=\"p1\" style=\"font-family: roboto; font-weight: 300; text-align: right;\"><strong>Resultados<\/strong><\/h1>\n<p>\n<\/div><div class=\"uncode_text_column vc_custom_1570459090836\"  style=\"margin-top: -1px ;\"><\/p>\n<h2 class=\"p1\" style=\"font-family: roboto; font-weight: 300; text-align: right;\">De lo imperceptible<br \/>\na lo visible<\/h2>\n<p>\n<\/div><\/div><\/div><\/div><\/div><\/div><div class=\"wpb_column pos-middle pos-center align_center column_parent col-lg-6 boomapps_vccolumn single-internal-gutter\"><div class=\"uncol style-light\"  ><div class=\"uncoltable\"><div class=\"uncell  vc_custom_1571843904297 boomapps_vccolumn no-block-padding\" style=\"padding-right: 0px ;padding-left: 0px ;\" ><div class=\"uncont\"><div class=\"uncode-single-media  text-center\"><div class=\"single-wrapper\" style=\"max-width: 100%;\"><div class=\"uncode-single-media-wrapper single-advanced\"><div class=\"tmb tmb-light tmb-overlay-text-anim tmb-overlay-anim tmb-content-left tmb-image-anim  tmb-no-double-tap tmb-content-under tmb-media-last tmb-no-bg\" ><div class=\"t-inside\" ><div class=\"t-entry-visual\"><div class=\"t-entry-visual-tc\"><div class=\"t-entry-visual-cont\"><div class=\"t-entry-visual-overlay\"><div class=\"t-entry-visual-overlay-in style-dark-bg\" style=\"opacity: 0.5;\"><\/div><\/div><div class=\"h6 object-size self-video fluid-object\" style=\"padding-top: 56.25%\"><div style=\"width: 640px;\" class=\"wp-video\"><!--[if lt IE 9]><script>document.createElement('video');<\/script><![endif]-->\n<video data-keepplaying class=\"wp-video-shortcode\" id=\"video-100510-1\" width=\"640\" height=\"360\" loop=\"1\" autoplay=\"1\" preload=\"metadata\" controls=\"controls\"><source type=\"video\/mp4\" src=\"https:\/\/ortodonciadigital3d.com\/wp-content\/uploads\/2019\/10\/Video-ejemplo-Mejorado.mp4?_=1\" \/><a href=\"https:\/\/ortodonciadigital3d.com\/wp-content\/uploads\/2019\/10\/Video-ejemplo-Mejorado.mp4\">https:\/\/ortodonciadigital3d.com\/wp-content\/uploads\/2019\/10\/Video-ejemplo-Mejorado.mp4<\/a><\/video><\/div><\/div><\/div>\n\t\t\t\t\t<\/div>\n\t\t\t\t<\/div><\/div><\/div><\/div><\/div><\/div><\/div><\/div><\/div><\/div><\/div><div class=\"wpb_column pos-middle pos-center align_left column_parent col-lg-3 boomapps_vccolumn single-internal-gutter\"><div class=\"uncol style-light\"  ><div class=\"uncoltable\"><div class=\"uncell  boomapps_vccolumn no-block-padding\" ><div class=\"uncont\"><div class=\"uncode_text_column text-lead\" ><\/p>\n<p class=\"p1\" style=\"text-align: left;\">En este video exponemos, mediante una representaci\u00f3n tridimensional, el proceso de realineaci\u00f3n dental en varias fases gracias el uso de tratamientos de ortodoncia invisible y los procedimientos menos agresivos, m\u00e1s innovadores y \u00f3ptimos.<\/p>\n<p>\n<\/div><\/div><\/div><\/div><\/div><\/div><script id=\"script-row-unique-1\" data-row=\"script-row-unique-1\" type=\"text\/javascript\" class=\"vc_controls\">UNCODE.initRow(document.getElementById(\"row-unique-1\"));<\/script><\/div><\/div><\/div><div data-parent=\"true\" class=\"vc_row inverted-device-order row-container boomapps_vcrow\" id=\"row-unique-2\"><div class=\"row unequal col-no-gutter no-top-padding no-bottom-padding no-h-padding full-width row-parent\" data-height-ratio=\"50\"><div class=\"wpb_row row-inner\"><div class=\"wpb_column pos-middle pos-center align_left column_parent col-lg-3 boomapps_vccolumn single-internal-gutter\"><div class=\"uncol style-dark\"  ><div class=\"uncoltable\"><div class=\"uncell  boomapps_vccolumn single-block-padding style-accent-bg\" ><div class=\"uncont\"><div class=\"uncode_text_column vc_custom_1570115104905\"  style=\"margin-top: -30px ;\"><\/p>\n<h1 class=\"p1\" style=\"font-family: roboto; font-weight: 300; text-align: left;\"><strong>Astic Retainer<\/strong><\/h1>\n<p>\n<\/div><div class=\"uncode_text_column vc_custom_1570459560728\"  style=\"margin-top: -1px ;\"><\/p>\n<h2 class=\"p1\" style=\"font-family: roboto; font-weight: 300; text-align: left;\">M\u00ednimo volumen. M\u00e1xima est\u00e9tica.<\/h2>\n<p>\n<\/div><div class=\"uncode_text_column text-lead\" ><p>En nuestra continua b\u00fasqueda de la absoluta funcionalidad y la est\u00e9tica le ofrecemos el <strong>Astic Retainer<\/strong>. Este nuevo retenedor est\u00e9tico mantiene la funcionalidad de un retenedor tradicional pero <strong>reemplaza el arco vestibular de metal por un arco transl\u00facido y completamente est\u00e9tico<\/strong>.<\/p>\n<p style=\"text-align: left;\">Su mejora est\u00e9tica lo convierte en <strong>una opci\u00f3n excelente para todos aquellos pacientes especialmente preocupados por su aspecto, pero que no quieren dejar de lado la m\u00e1xima calidad<\/strong>.<\/p>\n<\/div><\/div><\/div><\/div><\/div><\/div><div class=\"wpb_column pos-middle pos-center align_left column_parent col-lg-3 boomapps_vccolumn single-internal-gutter\"><div class=\"uncol style-light unexpand\"  ><div class=\"uncoltable\" style=\"min-height: 340px;\"><div class=\"uncell  boomapps_vccolumn no-block-padding\" ><div class=\"uncont\"><div class=\"uncode-single-media  text-left\"><div class=\"single-wrapper\" style=\"max-width: 100%;\"><div class=\"tmb tmb-light  tmb-media-first tmb-media-last tmb-content-overlay tmb-no-bg\"><div class=\"t-inside\"><div class=\"t-entry-visual\"><div class=\"t-entry-visual-tc\"><div class=\"uncode-single-media-wrapper\"><img decoding=\"async\" class=\"wp-image-101690\" src=\"https:\/\/ortodonciadigital3d.com\/wp-content\/uploads\/2019\/10\/foto-con-astic-retainer-en-boca-1.jpg\" width=\"793\" height=\"1295\" alt=\"\" srcset=\"https:\/\/ortodonciadigital3d.com\/wp-content\/uploads\/2019\/10\/foto-con-astic-retainer-en-boca-1.jpg 793w, https:\/\/ortodonciadigital3d.com\/wp-content\/uploads\/2019\/10\/foto-con-astic-retainer-en-boca-1-184x300.jpg 184w, https:\/\/ortodonciadigital3d.com\/wp-content\/uploads\/2019\/10\/foto-con-astic-retainer-en-boca-1-768x1254.jpg 768w, https:\/\/ortodonciadigital3d.com\/wp-content\/uploads\/2019\/10\/foto-con-astic-retainer-en-boca-1-627x1024.jpg 627w\" sizes=\"(max-width: 793px) 100vw, 793px\" \/><\/div>\n\t\t\t\t\t<\/div>\n\t\t\t\t<\/div><\/div><\/div><\/div><\/div><\/div><\/div><\/div><\/div><\/div><div class=\"wpb_column pos-top pos-center align_left column_parent col-lg-3 boomapps_vccolumn single-internal-gutter\"><div class=\"uncol style-light\"  ><div class=\"uncoltable\"><div class=\"uncell  boomapps_vccolumn double-block-padding style-color-lxmt-bg\" ><div class=\"uncont\"><div class=\"uncode_text_column vc_custom_1570117300188\"  style=\"margin-top: -30px ;\"><\/p>\n<h2 class=\"p1\" style=\"font-family: roboto; font-weight: 300; text-align: left;\">Transl\u00facido, est\u00e9tico<br \/>\ny menos voluminoso<\/h2>\n<p>\n<\/div><div class=\"uncode_text_column text-lead\" ><\/p>\n<p style=\"text-align: left;\">Astic retainer es adem\u00e1s de una soluci\u00f3n est\u00e9tica, una opci\u00f3n funcional y fiable para los tratamientos ortod\u00f3ncicos.<\/p>\n<ul>\n<li style=\"text-align: left;\">Uni\u00f3n de elementos con <strong>acr\u00edlico de alto impacto<\/strong>.<\/li>\n<li style=\"text-align: left;\">Excepcional <strong>resistencia a la fatiga<\/strong>,.<\/li>\n<li style=\"text-align: left;\"><strong>Posibilidad de retrusi\u00f3n y m\u00e1ximo ajuste<\/strong> gracias a sus omegas laterales.<\/li>\n<li style=\"text-align: left;\">Altamente est\u00e9tico por su <strong>translucidez de solo 0,033&#8243;.<\/strong><\/li>\n<\/ul>\n<p>\n<\/div><\/div><\/div><\/div><\/div><\/div><div class=\"wpb_column pos-middle pos-center align_left column_parent col-lg-3 boomapps_vccolumn single-internal-gutter\"><div class=\"uncol style-light unexpand\"  ><div class=\"uncoltable\"><div class=\"uncell  boomapps_vccolumn no-block-padding\" ><div class=\"uncont\">\n\t\t\t<!-- START orto_invisible_temp_02 REVOLUTION SLIDER 6.6.20 --><p class=\"rs-p-wp-fix\"><\/p>\n\t\t\t<rs-module-wrap id=\"rev_slider_83_1_wrapper\" data-source=\"gallery\" style=\"visibility:hidden;background:transparent;padding:0;margin:0px auto;margin-top:0;margin-bottom:0;\">\n\t\t\t\t<rs-module id=\"rev_slider_83_1\" style=\"\" data-version=\"6.6.20\">\n\t\t\t\t\t<rs-slides style=\"overflow: hidden; position: absolute;\">\n\t\t\t\t\t\t<rs-slide style=\"position: absolute;\" data-key=\"rs-314\" data-title=\"Slide\" data-duration=\"5000\" data-in=\"o:0;\">\n\t\t\t\t\t\t\t<img decoding=\"async\" src=\"\/\/ortodonciadigital3d.com\/wp-content\/plugins\/revslider\/public\/assets\/assets\/dummy.png\" alt=\"\" title=\"Aparatolog\u00eda est\u00e9tica invisible\" class=\"rev-slidebg tp-rs-img rs-lazyload\" data-lazyload=\"\/\/ortodonciadigital3d.com\/wp-content\/uploads\/2019\/09\/asticretainer_3.jpg\" data-no-retina>\n<!---->\t\t\t\t\t\t<\/rs-slide>\n\t\t\t\t\t\t<rs-slide style=\"position: absolute;\" data-key=\"rs-313\" data-title=\"Slide\" data-duration=\"5000\" data-in=\"o:0;\">\n\t\t\t\t\t\t\t<img decoding=\"async\" src=\"\/\/ortodonciadigital3d.com\/wp-content\/plugins\/revslider\/public\/assets\/assets\/dummy.png\" alt=\"\" title=\"Aparatolog\u00eda est\u00e9tica invisible\" class=\"rev-slidebg tp-rs-img rs-lazyload\" data-lazyload=\"\/\/ortodonciadigital3d.com\/wp-content\/uploads\/2019\/09\/asticretainer.jpg\" data-no-retina>\n<!---->\t\t\t\t\t\t<\/rs-slide>\n\t\t\t\t\t<\/rs-slides>\n\t\t\t\t<\/rs-module>\n\t\t\t\t<script>\n\t\t\t\t\tsetREVStartSize({c: 'rev_slider_83_1',rl:[1240,1024,778,480],el:[],gw:[793],gh:[1295],type:'standard',justify:'',layout:'fullwidth',mh:\"0\"});if (window.RS_MODULES!==undefined && window.RS_MODULES.modules!==undefined && window.RS_MODULES.modules[\"revslider831\"]!==undefined) {window.RS_MODULES.modules[\"revslider831\"].once = false;window.revapi83 = undefined;if (window.RS_MODULES.checkMinimal!==undefined) window.RS_MODULES.checkMinimal()}\n\t\t\t\t<\/script>\n\t\t\t<\/rs-module-wrap>\n\t\t\t<!-- END REVOLUTION SLIDER -->\n<\/div><\/div><\/div><\/div><\/div><script id=\"script-row-unique-2\" data-row=\"script-row-unique-2\" type=\"text\/javascript\" class=\"vc_controls\">UNCODE.initRow(document.getElementById(\"row-unique-2\"));<\/script><\/div><\/div><\/div><div data-parent=\"true\" class=\"vc_row vc_custom_1571143786787 limit-width row-container onepage-section mobile-hidden boomapps_vcrow\" data-label=\"stecnic\" data-name=\"stecnic\" style=\"padding-top: 0px ;padding-right: 0px ;padding-bottom: 0px ;padding-left: 0px ;\" id=\"row-unique-3\"><div class=\"row col-no-gutter row-parent\"><div class=\"wpb_row row-inner\"><div class=\"wpb_column pos-middle pos-center align_center column_parent col-lg-12 boomapps_vccolumn single-internal-gutter\"><div class=\"uncol style-light animate_when_almost_visible bottom-t-top\"  data-delay=\"400\"><div class=\"uncoltable\" style=\"min-height: 280px;\"><div class=\"uncell  boomapps_vccolumn triple-block-padding\" ><div class=\"uncont\"><div class=\"uncode_text_column vc_custom_1571143664408\"  style=\"margin-top: -30px ;\"><\/p>\n<h1 class=\"p1\" style=\"font-family: roboto; font-weight: 300; text-align: center;\">Comprometidos con la Salud,<strong><br \/>\nApasionados por la Est\u00e9tica<br \/>\n<\/strong><\/h1>\n<p>\n<\/div><div class=\"uncode_text_column text-lead\" ><\/p>\n<p style=\"text-align: center;\">En <strong>Pe\u00f1alta Dental<\/strong> estamos comprometidos con la salud, pero tambi\u00e9n profundamente involucrados con la est\u00e9tica. Por ello, investigamos y apostamos s\u00f3lidamente por la <strong>ortodoncia est\u00e9tica<\/strong> y somos especialistas en <strong>ortodoncia invisible<\/strong>.<\/p>\n<p style=\"text-align: center;\">Ofrecemos a nuestros clientes todos los medios necesarios para construir sonrisas sanas, y para dibujar sonrisas bellas. Porque hoy no tenemos que renunciar a nada. Le ofrecemos todo tipo de soluciones con el m\u00e1s alto nivel de calidad.<\/p>\n<p>\n<\/div><\/div><\/div><\/div><\/div><\/div><script id=\"script-row-unique-3\" data-row=\"script-row-unique-3\" type=\"text\/javascript\" class=\"vc_controls\">UNCODE.initRow(document.getElementById(\"row-unique-3\"));<\/script><\/div><\/div><\/div><div data-parent=\"true\" class=\"vc_row row-container boomapps_vcrow\" id=\"row-unique-4\"><div class=\"row full-width row-parent\"><div class=\"wpb_row row-inner\"><div class=\"wpb_column pos-top pos-center align_left column_parent col-lg-12 boomapps_vccolumn single-internal-gutter\"><div class=\"uncol style-light\"  ><div class=\"uncoltable\"><div class=\"uncell  boomapps_vccolumn no-block-padding\" ><div class=\"uncont\"><div class=\"uncode_text_column vc_custom_1570098812756 zoom-out animate_when_almost_visible\"  style=\"padding-right: 20px ;padding-left: 20px ;\"><\/p>\n<h3 class=\"p1\" style=\"text-align: center; font-family: roboto; font-weight: 300;\"><strong>Gama de productos<\/strong><\/h3>\n<p>\n<\/div><div class=\"vc_row row-internal row-container boomapps_vcrow\"><div class=\"row row-child\"><div class=\"wpb_row row-inner row-inner-force\"><div class=\"wpb_column pos-top pos-center align_left column_child col-lg-4 boomapps_vccolumn single-internal-gutter\"><div class=\"uncol style-light\" ><div class=\"uncoltable\"><div class=\"uncell  boomapps_vccolumn no-block-padding\" ><div class=\"uncont\"><div class=\"uncode-single-media  text-left\"><div class=\"single-wrapper\" style=\"max-width: 100%;\"><div class=\"tmb tmb-light  tmb-media-first tmb-media-last tmb-content-overlay tmb-no-bg\"><div class=\"t-inside\"><div class=\"t-entry-visual\"><div class=\"t-entry-visual-tc\"><div class=\"uncode-single-media-wrapper\"><img decoding=\"async\" class=\"wp-image-101152\" src=\"https:\/\/ortodonciadigital3d.com\/wp-content\/uploads\/2019\/10\/Bihelix-28A4493.jpg\" width=\"2756\" height=\"1837\" alt=\"\" srcset=\"https:\/\/ortodonciadigital3d.com\/wp-content\/uploads\/2019\/10\/Bihelix-28A4493.jpg 2756w, https:\/\/ortodonciadigital3d.com\/wp-content\/uploads\/2019\/10\/Bihelix-28A4493-300x200.jpg 300w, https:\/\/ortodonciadigital3d.com\/wp-content\/uploads\/2019\/10\/Bihelix-28A4493-768x512.jpg 768w, https:\/\/ortodonciadigital3d.com\/wp-content\/uploads\/2019\/10\/Bihelix-28A4493-1024x683.jpg 1024w\" sizes=\"(max-width: 2756px) 100vw, 2756px\" \/><\/div>\n\t\t\t\t\t<\/div>\n\t\t\t\t<\/div><\/div><\/div><\/div><\/div><div class=\"uncode_text_column\" ><\/p>\n<h5 style=\"text-align: center;\">Bihelix<\/h5>\n<p>\n<\/div><\/div><\/div><\/div><\/div><\/div><div class=\"wpb_column pos-top pos-center align_left column_child col-lg-4 boomapps_vccolumn single-internal-gutter\"><div class=\"uncol style-light\" ><div class=\"uncoltable\"><div class=\"uncell  boomapps_vccolumn no-block-padding\" ><div class=\"uncont\"><div class=\"uncode-single-media  text-left\"><div class=\"single-wrapper\" style=\"max-width: 100%;\"><div class=\"tmb tmb-light  tmb-media-first tmb-media-last tmb-content-overlay tmb-no-bg\"><div class=\"t-inside\"><div class=\"t-entry-visual\"><div class=\"t-entry-visual-tc\"><div class=\"uncode-single-media-wrapper\"><img decoding=\"async\" class=\"wp-image-101171\" src=\"https:\/\/ortodonciadigital3d.com\/wp-content\/uploads\/2019\/10\/Distalizador-.jpg\" width=\"2756\" height=\"1837\" alt=\"\" srcset=\"https:\/\/ortodonciadigital3d.com\/wp-content\/uploads\/2019\/10\/Distalizador-.jpg 2756w, https:\/\/ortodonciadigital3d.com\/wp-content\/uploads\/2019\/10\/Distalizador--300x200.jpg 300w, https:\/\/ortodonciadigital3d.com\/wp-content\/uploads\/2019\/10\/Distalizador--768x512.jpg 768w, https:\/\/ortodonciadigital3d.com\/wp-content\/uploads\/2019\/10\/Distalizador--1024x683.jpg 1024w\" sizes=\"(max-width: 2756px) 100vw, 2756px\" \/><\/div>\n\t\t\t\t\t<\/div>\n\t\t\t\t<\/div><\/div><\/div><\/div><\/div><div class=\"uncode_text_column\" ><\/p>\n<h5 style=\"text-align: center;\">Distalizador<\/h5>\n<p>\n<\/div><\/div><\/div><\/div><\/div><\/div><div class=\"wpb_column pos-top pos-center align_left column_child col-lg-4 boomapps_vccolumn single-internal-gutter\"><div class=\"uncol style-light\" ><div class=\"uncoltable\"><div class=\"uncell  boomapps_vccolumn no-block-padding\" ><div class=\"uncont\"><div class=\"uncode-single-media  text-left\"><div class=\"single-wrapper\" style=\"max-width: 100%;\"><div class=\"tmb tmb-light  tmb-media-first tmb-media-last tmb-content-overlay tmb-no-bg\"><div class=\"t-inside\"><div class=\"t-entry-visual\"><div class=\"t-entry-visual-tc\"><div class=\"uncode-single-media-wrapper\"><img decoding=\"async\" class=\"wp-image-101172\" src=\"https:\/\/ortodonciadigital3d.com\/wp-content\/uploads\/2019\/10\/Placa-Bertoni-28A4490.jpg\" width=\"2756\" height=\"1837\" alt=\"\" srcset=\"https:\/\/ortodonciadigital3d.com\/wp-content\/uploads\/2019\/10\/Placa-Bertoni-28A4490.jpg 2756w, https:\/\/ortodonciadigital3d.com\/wp-content\/uploads\/2019\/10\/Placa-Bertoni-28A4490-300x200.jpg 300w, https:\/\/ortodonciadigital3d.com\/wp-content\/uploads\/2019\/10\/Placa-Bertoni-28A4490-768x512.jpg 768w, https:\/\/ortodonciadigital3d.com\/wp-content\/uploads\/2019\/10\/Placa-Bertoni-28A4490-1024x683.jpg 1024w\" sizes=\"(max-width: 2756px) 100vw, 2756px\" \/><\/div>\n\t\t\t\t\t<\/div>\n\t\t\t\t<\/div><\/div><\/div><\/div><\/div><div class=\"uncode_text_column\" ><\/p>\n<h5 style=\"text-align: center;\">Placa Bertoni<\/h5>\n<p>\n<\/div><\/div><\/div><\/div><\/div><\/div><\/div><\/div><\/div><div class=\"vc_row row-internal row-container boomapps_vcrow\"><div class=\"row row-child\"><div class=\"wpb_row row-inner row-inner-force\"><div class=\"wpb_column pos-top pos-center align_left column_child col-lg-4 boomapps_vccolumn single-internal-gutter\"><div class=\"uncol style-light\" ><div class=\"uncoltable\"><div class=\"uncell  boomapps_vccolumn no-block-padding\" ><div class=\"uncont\"><div class=\"uncode-single-media  text-left\"><div class=\"single-wrapper\" style=\"max-width: 100%;\"><div class=\"tmb tmb-light  tmb-media-first tmb-media-last tmb-content-overlay tmb-no-bg\"><div class=\"t-inside\"><div class=\"t-entry-visual\"><div class=\"t-entry-visual-tc\"><div class=\"uncode-single-media-wrapper\"><img decoding=\"async\" class=\"wp-image-102092\" src=\"https:\/\/ortodonciadigital3d.com\/wp-content\/uploads\/2019\/10\/placa-expansion-inferior.jpg\" width=\"2756\" height=\"1837\" alt=\"\" srcset=\"https:\/\/ortodonciadigital3d.com\/wp-content\/uploads\/2019\/10\/placa-expansion-inferior.jpg 2756w, https:\/\/ortodonciadigital3d.com\/wp-content\/uploads\/2019\/10\/placa-expansion-inferior-300x200.jpg 300w, https:\/\/ortodonciadigital3d.com\/wp-content\/uploads\/2019\/10\/placa-expansion-inferior-768x512.jpg 768w, https:\/\/ortodonciadigital3d.com\/wp-content\/uploads\/2019\/10\/placa-expansion-inferior-1024x683.jpg 1024w\" sizes=\"(max-width: 2756px) 100vw, 2756px\" \/><\/div>\n\t\t\t\t\t<\/div>\n\t\t\t\t<\/div><\/div><\/div><\/div><\/div><div class=\"uncode_text_column\" ><\/p>\n<h5 style=\"text-align: center;\">Placa expansi\u00f3n inferior<\/h5>\n<p>\n<\/div><\/div><\/div><\/div><\/div><\/div><div class=\"wpb_column pos-top pos-center align_left column_child col-lg-4 boomapps_vccolumn single-internal-gutter\"><div class=\"uncol style-light\" ><div class=\"uncoltable\"><div class=\"uncell  boomapps_vccolumn no-block-padding\" ><div class=\"uncont\"><div class=\"uncode-single-media  text-left\"><div class=\"single-wrapper\" style=\"max-width: 100%;\"><div class=\"tmb tmb-light  tmb-media-first tmb-media-last tmb-content-overlay tmb-no-bg\"><div class=\"t-inside\"><div class=\"t-entry-visual\"><div class=\"t-entry-visual-tc\"><div class=\"uncode-single-media-wrapper\"><img decoding=\"async\" class=\"wp-image-101174\" src=\"https:\/\/ortodonciadigital3d.com\/wp-content\/uploads\/2019\/10\/Quad-Helix-28A4489.jpg\" width=\"2756\" height=\"1837\" alt=\"\" srcset=\"https:\/\/ortodonciadigital3d.com\/wp-content\/uploads\/2019\/10\/Quad-Helix-28A4489.jpg 2756w, https:\/\/ortodonciadigital3d.com\/wp-content\/uploads\/2019\/10\/Quad-Helix-28A4489-300x200.jpg 300w, https:\/\/ortodonciadigital3d.com\/wp-content\/uploads\/2019\/10\/Quad-Helix-28A4489-768x512.jpg 768w, https:\/\/ortodonciadigital3d.com\/wp-content\/uploads\/2019\/10\/Quad-Helix-28A4489-1024x683.jpg 1024w\" sizes=\"(max-width: 2756px) 100vw, 2756px\" \/><\/div>\n\t\t\t\t\t<\/div>\n\t\t\t\t<\/div><\/div><\/div><\/div><\/div><div class=\"uncode_text_column\" ><\/p>\n<h5 style=\"text-align: center;\">Quad Helix<\/h5>\n<p>\n<\/div><\/div><\/div><\/div><\/div><\/div><div class=\"wpb_column pos-top pos-center align_left column_child col-lg-4 boomapps_vccolumn single-internal-gutter\"><div class=\"uncol style-light\" ><div class=\"uncoltable\"><div class=\"uncell  boomapps_vccolumn no-block-padding\" ><div class=\"uncont\"><div class=\"uncode-single-media  text-left\"><div class=\"single-wrapper\" style=\"max-width: 100%;\"><div class=\"tmb tmb-light  tmb-media-first tmb-media-last tmb-content-overlay tmb-no-bg\"><div class=\"t-inside\"><div class=\"t-entry-visual\"><div class=\"t-entry-visual-tc\"><div class=\"uncode-single-media-wrapper\"><img decoding=\"async\" class=\"wp-image-101175\" src=\"https:\/\/ortodonciadigital3d.com\/wp-content\/uploads\/2019\/10\/Twin-Block-28A4722.jpg\" width=\"4752\" height=\"3168\" alt=\"\" srcset=\"https:\/\/ortodonciadigital3d.com\/wp-content\/uploads\/2019\/10\/Twin-Block-28A4722.jpg 4752w, https:\/\/ortodonciadigital3d.com\/wp-content\/uploads\/2019\/10\/Twin-Block-28A4722-300x200.jpg 300w, https:\/\/ortodonciadigital3d.com\/wp-content\/uploads\/2019\/10\/Twin-Block-28A4722-768x512.jpg 768w, https:\/\/ortodonciadigital3d.com\/wp-content\/uploads\/2019\/10\/Twin-Block-28A4722-1024x683.jpg 1024w\" sizes=\"(max-width: 4752px) 100vw, 4752px\" \/><\/div>\n\t\t\t\t\t<\/div>\n\t\t\t\t<\/div><\/div><\/div><\/div><\/div><div class=\"uncode_text_column\" ><\/p>\n<h5 style=\"text-align: center;\">Twin Block<\/h5>\n<p>\n<\/div><\/div><\/div><\/div><\/div><\/div><\/div><\/div><\/div><div class=\"empty-space empty-single\" ><span class=\"empty-space-inner\"><\/span><\/div>\n<\/div><\/div><\/div><\/div><\/div><script id=\"script-row-unique-4\" data-row=\"script-row-unique-4\" type=\"text\/javascript\" class=\"vc_controls\">UNCODE.initRow(document.getElementById(\"row-unique-4\"));<\/script><\/div><\/div><\/div>\n<\/div>","protected":false},"excerpt":{"rendered":"\u00bfQu\u00e9 es la Ortodoncia Invisible? Para aquellos pacientes que necesiten aparatolog\u00eda y no quieren renunciar a su est\u00e9tica, surge este [...]","protected":false},"author":6,"featured_media":0,"parent":0,"menu_order":0,"comment_status":"open","ping_status":"closed","template":"","meta":{"footnotes":""},"_links":{"self":[{"href":"https:\/\/ortodonciadigital3d.com\/en\/wp-json\/wp\/v2\/pages\/100510"}],"collection":[{"href":"https:\/\/ortodonciadigital3d.com\/en\/wp-json\/wp\/v2\/pages"}],"about":[{"href":"https:\/\/ortodonciadigital3d.com\/en\/wp-json\/wp\/v2\/types\/page"}],"author":[{"embeddable":true,"href":"https:\/\/ortodonciadigital3d.com\/en\/wp-json\/wp\/v2\/users\/6"}],"replies":[{"embeddable":true,"href":"https:\/\/ortodonciadigital3d.com\/en\/wp-json\/wp\/v2\/comments?post=100510"}],"version-history":[{"count":3,"href":"https:\/\/ortodonciadigital3d.com\/en\/wp-json\/wp\/v2\/pages\/100510\/revisions"}],"predecessor-version":[{"id":102097,"href":"https:\/\/ortodonciadigital3d.com\/en\/wp-json\/wp\/v2\/pages\/100510\/revisions\/102097"}],"wp:attachment":[{"href":"https:\/\/ortodonciadigital3d.com\/en\/wp-json\/wp\/v2\/media?parent=100510"}],"curies":[{"name":"wp","href":"https:\/\/api.w.org\/{rel}","templated":true}]}}