{"id":100451,"date":"2019-09-24T11:03:16","date_gmt":"2019-09-24T09:03:16","guid":{"rendered":"https:\/\/ortodonciadigital3d.com\/?page_id=100451"},"modified":"2019-10-30T16:38:12","modified_gmt":"2019-10-30T14:38:12","slug":"microtornillos","status":"publish","type":"page","link":"https:\/\/ortodonciadigital3d.com\/en\/microtornillos\/","title":{"rendered":"Microtornillos"},"content":{"rendered":"<div class=\"wpb-content-wrapper\"><div data-parent=\"true\" class=\"vc_row row-container boomapps_vcrow\" id=\"row-unique-0\"><div class=\"row unequal col-no-gutter no-top-padding no-bottom-padding no-h-padding full-width row-parent\"><div class=\"wpb_row row-inner\"><div class=\"wpb_column pos-middle pos-center align_center column_parent col-lg-6 boomapps_vccolumn no-internal-gutter\"><div class=\"uncol style-dark animate_when_almost_visible bottom-t-top\"  data-delay=\"400\"><div class=\"uncoltable\" style=\"min-height: 280px;\"><div class=\"uncell  boomapps_vccolumn no-block-padding\" ><div class=\"uncont\">\n\t\t\t<!-- START Microtornillos REVOLUTION SLIDER 6.6.20 --><p class=\"rs-p-wp-fix\"><\/p>\n\t\t\t<rs-module-wrap id=\"rev_slider_88_1_wrapper\" data-source=\"gallery\" style=\"visibility:hidden;background:transparent;padding:0;margin:0px auto;margin-top:0;margin-bottom:0;\">\n\t\t\t\t<rs-module id=\"rev_slider_88_1\" style=\"\" data-version=\"6.6.20\">\n\t\t\t\t\t<rs-slides style=\"overflow: hidden; position: absolute;\">\n\t\t\t\t\t\t<rs-slide style=\"position: absolute;\" data-key=\"rs-332\" data-title=\"Slide\" data-thumb=\"\/\/ortodonciadigital3d.com\/wp-content\/uploads\/2019\/10\/Microtornillo-1-1-100x50.jpg\" data-anim=\"ms:2000;\" data-in=\"prst:rndany;o:0;\" data-out=\"a:false;\" data-d3=\"f:fly;d:vertical;z:400;e:power2.out;su:true;\">\n\t\t\t\t\t\t\t<img decoding=\"async\" src=\"\/\/ortodonciadigital3d.com\/wp-content\/plugins\/revslider\/public\/assets\/assets\/dummy.png\" alt=\"\" title=\"Microtornillos\" class=\"rev-slidebg tp-rs-img rs-lazyload\" data-lazyload=\"\/\/ortodonciadigital3d.com\/wp-content\/uploads\/2019\/10\/Microtornillo-1-1.jpg\" data-bg=\"p:10% 0%;\" data-no-retina>\n<!---->\t\t\t\t\t\t<\/rs-slide>\n\t\t\t\t\t\t<rs-slide style=\"position: absolute;\" data-key=\"rs-331\" data-title=\"Slide\" data-thumb=\"\/\/ortodonciadigital3d.com\/wp-content\/uploads\/2019\/10\/Microtornillo-2-1-100x50.jpg\" data-anim=\"d:20;f:center;\" data-in=\"prst:rndany;o:0;x:(50%);y:(50%);sx:2;sy:2;m:true;row:5;col:5;\">\n\t\t\t\t\t\t\t<img decoding=\"async\" src=\"\/\/ortodonciadigital3d.com\/wp-content\/plugins\/revslider\/public\/assets\/assets\/dummy.png\" alt=\"\" title=\"Microtornillos\" class=\"rev-slidebg tp-rs-img rs-lazyload\" data-lazyload=\"\/\/ortodonciadigital3d.com\/wp-content\/uploads\/2019\/10\/Microtornillo-2-1.jpg\" data-bg=\"p:8% 0%;\" data-no-retina>\n<!---->\t\t\t\t\t\t<\/rs-slide>\n\t\t\t\t\t\t<rs-slide style=\"position: absolute;\" data-key=\"rs-334\" data-title=\"Slide\" data-thumb=\"\/\/ortodonciadigital3d.com\/wp-content\/uploads\/2019\/10\/Microtornillo-3-1-100x50.jpg\" data-in=\"prst:rndany;o:0;y:(100%);\">\n\t\t\t\t\t\t\t<img decoding=\"async\" src=\"\/\/ortodonciadigital3d.com\/wp-content\/plugins\/revslider\/public\/assets\/assets\/dummy.png\" alt=\"\" title=\"Microtornillos\" class=\"rev-slidebg tp-rs-img rs-lazyload\" data-lazyload=\"\/\/ortodonciadigital3d.com\/wp-content\/uploads\/2019\/10\/Microtornillo-3-1.jpg\" data-bg=\"p:0% 0%;\" data-no-retina>\n<!---->\t\t\t\t\t\t<\/rs-slide>\n\t\t\t\t\t<\/rs-slides>\n\t\t\t\t<\/rs-module>\n\t\t\t\t<script>\n\t\t\t\t\tsetREVStartSize({c: 'rev_slider_88_1',rl:[1240,1024,778,480],el:[],gw:[960],gh:[750],type:'standard',justify:'',layout:'fullwidth',mh:\"0\"});if (window.RS_MODULES!==undefined && window.RS_MODULES.modules!==undefined && window.RS_MODULES.modules[\"revslider881\"]!==undefined) {window.RS_MODULES.modules[\"revslider881\"].once = false;window.revapi88 = undefined;if (window.RS_MODULES.checkMinimal!==undefined) window.RS_MODULES.checkMinimal()}\n\t\t\t\t<\/script>\n\t\t\t<\/rs-module-wrap>\n\t\t\t<!-- END REVOLUTION SLIDER -->\n<\/div><\/div><\/div><\/div><\/div><div class=\"wpb_column pos-middle pos-center align_left column_parent col-lg-6 boomapps_vccolumn single-internal-gutter\"><div class=\"uncol style-dark\"  ><div class=\"uncoltable\"><div class=\"uncell  boomapps_vccolumn single-block-padding style-accent-bg\" ><div class=\"uncont\" style=\"max-width:80%;\"><div class=\"uncode_text_column vc_custom_1572446286706\"  style=\"padding-top: 15% ;padding-bottom: 15% ;\"><\/p>\n<h1 class=\"p1\" style=\"font-weight: 300; ; font-size: 30px; line-height: 30px;\">Anclaje <strong>Cortical<\/strong><\/h1>\n<p>Hemos incorporado, gracias a los nuevos avances cient\u00edficos, <b>lo \u00faltimo en productos de anclaje cortical<\/b> para conseguir una <b>\u00f3ptima relaci\u00f3n entre anclaje y biomec\u00e1nica<\/b>.<\/p>\n<p>Estos microtornillos fijados en el hueso crean un anclaje perfecto para las distintas aplicaciones ortodoncicas como <b>disyunci\u00f3n, distalizaci\u00f3n, etc<\/b>.<\/p>\n<p>Con la <b>aparatolog\u00eda<\/b> y <b>m\u00e9todo<\/b> que usamos en <b>Pe\u00f1alta Dental<\/b> conseguimos un <b>anclaje esqueletal fiable y seguro<\/b>.<\/p>\n<p>Esta uni\u00f3n de microtornillos con aparatolog\u00eda ortod\u00f3ncica junto con las aplicaciones que realizamos con tecnolog\u00eda 3D con bandas sinterizadas dan como resultado una excelente opci\u00f3n con resultados <strong>seguros, predecibles y fiables<\/strong>.<\/p>\n<\/div><\/div><\/div><\/div><\/div><\/div><script id=\"script-row-unique-0\" data-row=\"script-row-unique-0\" type=\"text\/javascript\" class=\"vc_controls\">UNCODE.initRow(document.getElementById(\"row-unique-0\"));<\/script><\/div><\/div><\/div>\n<\/div>","protected":false},"excerpt":{"rendered":"Anclaje Cortical Hemos incorporado, gracias a los nuevos avances cient\u00edficos, lo \u00faltimo en productos de anclaje cortical para conseguir una [...]","protected":false},"author":6,"featured_media":0,"parent":0,"menu_order":0,"comment_status":"open","ping_status":"closed","template":"","meta":{"footnotes":""},"_links":{"self":[{"href":"https:\/\/ortodonciadigital3d.com\/en\/wp-json\/wp\/v2\/pages\/100451"}],"collection":[{"href":"https:\/\/ortodonciadigital3d.com\/en\/wp-json\/wp\/v2\/pages"}],"about":[{"href":"https:\/\/ortodonciadigital3d.com\/en\/wp-json\/wp\/v2\/types\/page"}],"author":[{"embeddable":true,"href":"https:\/\/ortodonciadigital3d.com\/en\/wp-json\/wp\/v2\/users\/6"}],"replies":[{"embeddable":true,"href":"https:\/\/ortodonciadigital3d.com\/en\/wp-json\/wp\/v2\/comments?post=100451"}],"version-history":[{"count":3,"href":"https:\/\/ortodonciadigital3d.com\/en\/wp-json\/wp\/v2\/pages\/100451\/revisions"}],"predecessor-version":[{"id":102059,"href":"https:\/\/ortodonciadigital3d.com\/en\/wp-json\/wp\/v2\/pages\/100451\/revisions\/102059"}],"wp:attachment":[{"href":"https:\/\/ortodonciadigital3d.com\/en\/wp-json\/wp\/v2\/media?parent=100451"}],"curies":[{"name":"wp","href":"https:\/\/api.w.org\/{rel}","templated":true}]}}